{"id":99,"date":"2017-08-23T14:46:40","date_gmt":"2017-08-23T14:46:40","guid":{"rendered":"http:\/\/viestiupseeriyhdistys.online.fi\/?page_id=99"},"modified":"2025-12-11T19:53:51","modified_gmt":"2025-12-11T17:53:51","slug":"etusivu","status":"publish","type":"page","link":"https:\/\/viestiupseeriyhdistys.fi\/index.php\/etusivu\/","title":{"rendered":"Viestiupseeriyhdistys ry"},"content":{"rendered":"<h2>Viestiupseeriyhdistys on viesti- ja johtamisj\u00e4rjestelm\u00e4alan sek\u00e4 s\u00e4hk\u00f6isen viestialan teht\u00e4viss\u00e4 toimivien ja toimineiden henkil\u00f6iden yhteinen maanpuolustusj\u00e4rjest\u00f6.<\/h2>\n<p>Yhdistyksen tarkoituksena on edist\u00e4\u00e4 maanpuolustusty\u00f6t\u00e4 ja kansalaisten maanpuolustustahtoa yhdist\u00e4m\u00e4ll\u00e4 viesti- ja johtamisj\u00e4rjestelm\u00e4alalla sek\u00e4 s\u00e4hk\u00f6isen viestialan teht\u00e4viss\u00e4 toimivia ja toimineita henkil\u00f6it\u00e4. Yhdistys edesauttaa j\u00e4seni\u00e4 tuntemaan toisensa, kehitt\u00e4\u00e4 j\u00e4senist\u00f6ns\u00e4 ammattitaitoa sek\u00e4 vaalii viestialan perinteit\u00e4 sek\u00e4 yll\u00e4pit\u00e4\u00e4 ja kehitt\u00e4\u00e4 aselajitaitojen tuntemusta ja tiet\u00e4myst\u00e4. J\u00e4senyys ei edellyt\u00e4 asevelvollisuuden suorittamista.<\/p>\n<p>Yhdistys pyrkii edell\u00e4 mainittuihin p\u00e4\u00e4m\u00e4\u00e4riin<br \/>\n\u2022harjoittamalla tiedotus-, koulutus- ja julkaisutoimintaa<br \/>\n\u2022j\u00e4rjest\u00e4m\u00e4ll\u00e4 opinto- ja tutustumismatkoja<br \/>\n\u2022yll\u00e4pit\u00e4m\u00e4ll\u00e4 viestialan perinteit\u00e4 ja sotilasperinnetoimintaa, perinteen ker\u00e4\u00e4mist\u00e4 ja tallentamista sek\u00e4 museotoimintaa<br \/>\n\u2022j\u00e4rjest\u00e4m\u00e4ll\u00e4 neuvontaa ja opastusta, liikuntaharjoituksia, luentoja ja esitelmi\u00e4<br \/>\n\u2022olemalla yhteisty\u00f6ss\u00e4 vapaaehtoisten maanpuolustusj\u00e4rjest\u00f6jen kanssa.<\/p>\n<p>Nyky-yhteiskunnan er\u00e4s keskeinen vaikuttamiskeino on laaja verkottuminen. T\u00e4ll\u00e4 tarkoitetaan sek\u00e4 yhteydenpitoa eri yhteisty\u00f6tahojen kanssa ett\u00e4 mahdollisimman laajan yhdys- ja asiantuntijajoukon yhteisty\u00f6t\u00e4. Viestiupseeriyhdistys tarjoaa erinomaisen yhdyssiteen ja kontaktien luomismahdollisuuden s\u00e4hk\u00f6isen viestinn\u00e4n parissa ty\u00f6skenteleville. Samalla on mahdollisuus jakaa tietoa tietoteknikka-alan nopeasta kehityksest\u00e4 kaikille sektoreille.<\/p>\n<p><a href=\"http:\/\/viestiupseeriyhdistys.online.fi\/index.php\/etusivu\/in-english\/\">In English<\/a><\/p>\n<p><a href=\"http:\/\/viestiupseeriyhdistys.online.fi\/index.php\/etusivu\/viestiupseeriyhdistyksen-saannot\/\">Viestiupseeriyhdistyksen s\u00e4\u00e4nn\u00f6t<\/a><\/p>\n<p><a href=\"http:\/\/viestiupseeriyhdistys.online.fi\/index.php\/etusivu\/soneran-kerho\/\">Telian kerho<\/a><\/p>\n","protected":false},"excerpt":{"rendered":"<p>Viestiupseeriyhdistys on viesti- ja johtamisj\u00e4rjestelm\u00e4alan sek\u00e4 s\u00e4hk\u00f6isen viestialan teht\u00e4viss\u00e4 toimivien ja toimineiden henkil\u00f6iden yhteinen maanpuolustusj\u00e4rjest\u00f6. Yhdistyksen tarkoituksena on edist\u00e4\u00e4 maanpuolustusty\u00f6t\u00e4 ja kansalaisten maanpuolustustahtoa yhdist\u00e4m\u00e4ll\u00e4 viesti- ja johtamisj\u00e4rjestelm\u00e4alalla sek\u00e4 s\u00e4hk\u00f6isen viestialan teht\u00e4viss\u00e4 toimivia ja&#8230;<\/p>\n","protected":false},"author":3,"featured_media":0,"parent":0,"menu_order":3,"comment_status":"closed","ping_status":"closed","template":"","meta":{"_acf_changed":false,"footnotes":""},"class_list":["post-99","page","type-page","status-publish","hentry","post"],"acf":[],"jetpack_sharing_enabled":true,"jetpack_shortlink":"https:\/\/wp.me\/P9I03o-1B","jetpack-related-posts":[{"id":271,"url":"https:\/\/viestiupseeriyhdistys.fi\/index.php\/etusivu\/soneran-kerho\/","url_meta":{"origin":99,"position":0},"title":"Telian kerho","author":"Harri Reini","date":"12.9.2017","format":false,"excerpt":"\u00a0 Kerhon tarkoituksena on Toimia yhdyssiteen\u00e4 sek\u00e4 keskin\u00e4isen tuntemuksen ja luottamuksen edist\u00e4j\u00e4n\u00e4 j\u00e4sentens\u00e4 kesken Viestiupseeriyhdistys ry:n toimintaperiaatteita noudattaen, vaalia yleisesti maanpuolustushenke\u00e4 ja maanpuolustusharrastusta, lis\u00e4t\u00e4 j\u00e4senist\u00f6ns\u00e4 keskuudessa suomalaisen turvallisuuspolitiikan ja maanpuolustuksen tuntemusta sek\u00e4 tukea j\u00e4sentens\u00e4 valmiuksia kehitt\u00e4m\u00e4ll\u00e4 erityisesti j\u00e4senten tietoja ja taitoja s\u00e4hk\u00f6isen viestinn\u00e4n ja Telia-konsernin poikkeusoloihin varautumiseen liittyvill\u00e4 alueilla. Kerho\u2026","rel":"","context":"Samankaltainen artikkeli","block_context":{"text":"Samankaltainen artikkeli","link":""},"img":{"alt_text":"","src":"","width":0,"height":0},"classes":[]},{"id":53,"url":"https:\/\/viestiupseeriyhdistys.fi\/index.php\/maanpuolustuksen-viestisaatio-sr-ja-viestisaation-kannatusyhdistys-ry\/","url_meta":{"origin":99,"position":1},"title":"MPVS sr ja VSKY ry","author":"Harri Reini","date":"27.6.2017","format":false,"excerpt":"Maanpuolustuksen Viestis\u00e4\u00e4ti\u00f6 sr Maanpuolustuksen Viestis\u00e4\u00e4ti\u00f6n (MPVS) tarkoituksena on kehitt\u00e4\u00e4 viesti-, tietotekniikka- ja tietoliikennealan maanpuolustusvalmiutta Suomessa tukemalla sit\u00e4 edist\u00e4vi\u00e4 opintoja, tutkimus- ja julkaisutoimintaa sek\u00e4 perinnety\u00f6t\u00e4. Viestitoiminnan kehitt\u00e4miseksi Maanpuolustuksen Viestis\u00e4\u00e4ti\u00f6 jakaa apurahoja sek\u00e4 varttuneille tutkijoille ett\u00e4 opiskelijoille. Rahoituksella on tarkoitus kannustaa maanpuolustuksen ja viestialan teknisen kehityksen tutkimusta ja seurantaa. T\u00e4rke\u00e4 tukimuoto on\u2026","rel":"","context":"Samankaltainen artikkeli","block_context":{"text":"Samankaltainen artikkeli","link":""},"img":{"alt_text":"","src":"","width":0,"height":0},"classes":[]},{"id":35,"url":"https:\/\/viestiupseeriyhdistys.fi\/index.php\/jaseneksi\/","url_meta":{"origin":99,"position":2},"title":"J\u00e4senyys","author":"Harri Reini","date":"26.6.2017","format":false,"excerpt":"Viestiupseeriyhdistys on viesti-, johtamisj\u00e4rjestelm\u00e4- ja s\u00e4hk\u00f6isen viestinn\u00e4n alalla toimivien ja toimineiden henkil\u00f6iden yhteinen maanpuolustusj\u00e4rjest\u00f6. Yhdistyksemme j\u00e4senyys ei edellyt\u00e4 suoritettua varusmiespalvelusta. J\u00e4seni\u00e4 yhdistyksess\u00e4mme on muun muassa Puolustusvoimista, teleyrityksist\u00e4 ja tietoturvayrityksist\u00e4 sek\u00e4 akateemisesta maailmasta. Yhdistyksen j\u00e4seneksi p\u00e4\u00e4set t\u00e4ytt\u00e4m\u00e4ll\u00e4 anomuksen, jonka yhdistyksen hallitus kokoontuessaan hyv\u00e4ksyy. Antamiasi tietoja k\u00e4ytet\u00e4\u00e4n nykyisten tietosuojas\u00e4\u00e4nn\u00f6sten mukaisesti vain j\u00e4senyyden\u2026","rel":"","context":"Samankaltainen artikkeli","block_context":{"text":"Samankaltainen artikkeli","link":""},"img":{"alt_text":"","src":"","width":0,"height":0},"classes":[]},{"id":115,"url":"https:\/\/viestiupseeriyhdistys.fi\/index.php\/etusivu\/viestiupseeriyhdistyksen-saannot\/","url_meta":{"origin":99,"position":3},"title":"Viestiupseeriyhdistyksen s\u00e4\u00e4nn\u00f6t","author":"Harri Reini","date":"31.8.2017","format":false,"excerpt":"Voimassaolevat s\u00e4\u00e4nn\u00f6t hyv\u00e4ksytty PRH:ssa.\u00a0Voimassaolon alku: 05.11.2024 10:26:08\u00a01 \u00a7 NIMI JA KOTIPAIKKAYhdistyksen nimi on Viestiupseeriyhdistys ry. Kotipaikka on Helsingin kaupunki ja yhdistys toimii koko valtakunnan alueella.2 \u00a7 TOIMINNAN TARKOITUSYhdistyksen toiminnan tarkoituksena on edist\u00e4\u00e4 kokonaismaanpuolustusty\u00f6t\u00e4, vahvistaa kansalaisten maanpuolustustahtoa, vahvistaa toimialan henkil\u00f6st\u00f6n keskin\u00e4ist\u00e4 tuntemista ja luottamusta, edesauttaa j\u00e4senist\u00f6n ammattitaidon kehittymist\u00e4 sek\u00e4 vaalia toimialanperinteit\u00e4.N\u00e4iss\u00e4\u2026","rel":"","context":"Samankaltainen artikkeli","block_context":{"text":"Samankaltainen artikkeli","link":""},"img":{"alt_text":"","src":"","width":0,"height":0},"classes":[]},{"id":281,"url":"https:\/\/viestiupseeriyhdistys.fi\/index.php\/etusivu\/viestiupseeriyhdistyksen-historiaa\/","url_meta":{"origin":99,"position":4},"title":"Viestiupseeriyhdistyksen historiaa","author":"Harri Reini","date":"12.9.2017","format":false,"excerpt":"Viestiupseereiden keskuudessa virisi jo sotien aikana tarve perustaa oma yhteenliittym\u00e4. Sotien j\u00e4lkeen talvella 1945 tutkittiin Viipurissa olleen Viestirykmentin upseerikerhon omaisuuden uudelleensijoittamista. Omaisuus p\u00e4\u00e4tettiin koota viestiupseereiden yhteist\u00e4 kerhoa varten Riihim\u00e4elle. Tuon ajan hengen mukaisesti kaikki v\u00e4h\u00e4nkin sotilaalliset yhdistykset ja seurat pyrittiin lakkauttamaan. Viestiupseereiden yhteenliittymist\u00e4 perusteltiinkin paikallisen upseerikerhon toimintana. Toiminnan aloittaminen Viestiupseerikerho\u2026","rel":"","context":"Samankaltainen artikkeli","block_context":{"text":"Samankaltainen artikkeli","link":""},"img":{"alt_text":"Paraati Viestirykmentiss\u00e4","src":"https:\/\/i0.wp.com\/www.viestiupseeriyhdistys.fi\/esittely\/kuvat\/ruokailu.jpg?resize=350%2C200","width":350,"height":200},"classes":[]},{"id":347,"url":"https:\/\/viestiupseeriyhdistys.fi\/index.php\/tyolista\/","url_meta":{"origin":99,"position":5},"title":"Ty\u00f6lista","author":"Harri Reini","date":"20.9.2017","format":false,"excerpt":"ES=Erkka S MA=Martti A Layout \/ ulkoasu mobiiliversio, skaalautuvuus! suurennus\/pienennys? - Tehd\u00e4\u00e4n kun \"PC version\" valikot jne on \"lopulliset\" - Suurennus\/piennennys Android luurissa ei toimi viel\u00e4k\u00e4\u00e4n (ES, 22.11)\u00a0 \u00a0 \u00a0 -\u00a0 \u00a0 \u00a0 \u00a0 \u00a0ok, testattu 23.11 toimii Samsung S7 edge, HR Mobiilivalikon toiminta, testattu 23.11,\u00a0 otsikkotekstej\u00e4 vahvennettu,ok\/HR logon ja\u2026","rel":"","context":"Samankaltainen artikkeli","block_context":{"text":"Samankaltainen artikkeli","link":""},"img":{"alt_text":"","src":"","width":0,"height":0},"classes":[]}],"_links":{"self":[{"href":"https:\/\/viestiupseeriyhdistys.fi\/index.php\/wp-json\/wp\/v2\/pages\/99","targetHints":{"allow":["GET"]}}],"collection":[{"href":"https:\/\/viestiupseeriyhdistys.fi\/index.php\/wp-json\/wp\/v2\/pages"}],"about":[{"href":"https:\/\/viestiupseeriyhdistys.fi\/index.php\/wp-json\/wp\/v2\/types\/page"}],"author":[{"embeddable":true,"href":"https:\/\/viestiupseeriyhdistys.fi\/index.php\/wp-json\/wp\/v2\/users\/3"}],"replies":[{"embeddable":true,"href":"https:\/\/viestiupseeriyhdistys.fi\/index.php\/wp-json\/wp\/v2\/comments?post=99"}],"version-history":[{"count":15,"href":"https:\/\/viestiupseeriyhdistys.fi\/index.php\/wp-json\/wp\/v2\/pages\/99\/revisions"}],"predecessor-version":[{"id":636186,"href":"https:\/\/viestiupseeriyhdistys.fi\/index.php\/wp-json\/wp\/v2\/pages\/99\/revisions\/636186"}],"wp:attachment":[{"href":"https:\/\/viestiupseeriyhdistys.fi\/index.php\/wp-json\/wp\/v2\/media?parent=99"}],"curies":[{"name":"wp","href":"https:\/\/api.w.org\/{rel}","templated":true}]}}