{"id":53,"date":"2017-06-27T10:31:27","date_gmt":"2017-06-27T10:31:27","guid":{"rendered":"http:\/\/viestiupseeriyhdistys.online.fi\/?page_id=53"},"modified":"2026-02-16T16:18:08","modified_gmt":"2026-02-16T14:18:08","slug":"maanpuolustuksen-viestisaatio-sr-ja-viestisaation-kannatusyhdistys-ry","status":"publish","type":"page","link":"https:\/\/viestiupseeriyhdistys.fi\/index.php\/maanpuolustuksen-viestisaatio-sr-ja-viestisaation-kannatusyhdistys-ry\/","title":{"rendered":"MPVS sr ja VSKY ry"},"content":{"rendered":"<h3><strong>Maanpuolustuksen Viestis\u00e4\u00e4ti\u00f6 sr <\/strong><\/h3>\n<p><strong>Maanpuolustuksen Viestis\u00e4\u00e4ti\u00f6n (MPVS)<\/strong> tarkoituksena on kehitt\u00e4\u00e4 viesti-, tietotekniikka- ja tietoliikennealan maanpuolustusvalmiutta Suomessa tukemalla sit\u00e4 edist\u00e4vi\u00e4 opintoja, tutkimus- ja julkaisutoimintaa sek\u00e4 perinnety\u00f6t\u00e4.<\/p>\n<p>Viestitoiminnan kehitt\u00e4miseksi<strong> Maanpuolustuksen Viestis\u00e4\u00e4ti\u00f6<\/strong> jakaa apurahoja sek\u00e4 varttuneille tutkijoille ett\u00e4 opiskelijoille. Rahoituksella on tarkoitus kannustaa maanpuolustuksen ja viestialan teknisen kehityksen tutkimusta ja seurantaa. T\u00e4rke\u00e4 tukimuoto on viestiaselajien oppilaitoksissa ja\u00a0 joukko-osastoissa parhaiten menestyneiden varusmiesten ja henkil\u00f6kunnan palkitseminen stipendeill\u00e4.<\/p>\n<p>S\u00e4\u00e4ti\u00f6n merkitt\u00e4v\u00e4 avustuskohde on my\u00f6s viestiperinteiden vaaliminen, kuten<strong> Museo Militarian<\/strong> toiminnan tukeminen.<\/p>\n<h5><span style=\"font-size: 1.1em;\">Yhteystiedot<\/span><\/h5>\n<p>Puheenjohtaja: Eero Valkola, puh 0400 906 100, eero.valkola(at)mildef.com<br \/>Varapuheenjohtaja: Pertti Hyv\u00e4rinen, puh 0400 377 359, puheenjohtaja(at)viestiupseeriyhdistys.fi<br \/>Toiminnanjohtaja: Harri Reini, puh 040 514 2497, toiminnanjohtaja(at)viestiupseeriyhdistys.fi.<\/p>\n<p><!--StartFragment -->MPVS:n s\u00e4\u00e4nn\u00f6t2016.pdf<\/p>\n<p><strong>Viestis\u00e4\u00e4ti\u00f6n Kannatusyhdistys ry<\/strong><\/p>\n<p>Suomen turvallisuusymp\u00e4rist\u00f6 on muuttunut nopeasti ja pysyv\u00e4sti. Kiristynyt kansainv\u00e4linen tilanne \u2013 sotaUkrainassa, j\u00e4nnitteet It\u00e4merell\u00e4, Israelin ja L\u00e4hi-id\u00e4n kriisit sek\u00e4 kasvava ep\u00e4varmuus Aasian suunnalla \u2013 haastavat my\u00f6s Suomen puolustusta ja varautumista. Nato-j\u00e4senyytemme tuo lis\u00e4\u00e4 mahdollisuuksia, mutta my\u00f6s vastuuta ja odotuksia. Nyt tarvitaan kaikkien panostusta teko\u00e4lyn, tieto- ja tietoliikennej\u00e4rjestelmien, sek\u00e4 kyberturvallisuuden ja johtamisen aloilla.<br \/><br \/>Viestis\u00e4\u00e4ti\u00f6n kannatusyhdistys (VSKY) tukee Maanpuolustuksen Viestis\u00e4\u00e4ti\u00f6t\u00e4 (MPVS), joka rahoittaa tutkimusta, koulutusta ja kehitt\u00e4misty\u00f6t\u00e4 viesti-, tieto- ja johtamisj\u00e4rjestelm\u00e4aloilla. N\u00e4ill\u00e4 aloilla tehty ty\u00f6 on keskeisess\u00e4 roolissa Suomen maanpuolustusvalmiuden yll\u00e4pit\u00e4misess\u00e4 \u2013 erityisesti kriisi- ja hybriditilanteissa.<br \/><br \/>Tuellanne mahdollistetaan:<br \/>\uf0b7 stipendien jakaminen ansioituneille varusmiehille ja kantahenkil\u00f6kunnalle viestiaselajissa, kannustaen heit\u00e4 kehitt\u00e4m\u00e4\u00e4n osaamistaan ja sitoutumaan alalle.<br \/>\uf0b7 tutkimusapurahojen jakaminen maanpuolustuksen viestint\u00e4alan kehitt\u00e4miseksi,<br \/>\uf0b7 museo- ja kulttuurity\u00f6t\u00e4, kuten Museo Militarian toimintaa,<br \/>\uf0b7 Viestimiesten perinteiden ja osaamisen vaalimista.<\/p>\n<p>Yhdistyksen j\u00e4seneksi voi liitty\u00e4 l\u00e4hett\u00e4m\u00e4ll\u00e4 vapaamuotoisen hakemuksen yhdistyksen asiamiehelle (kirsi.salo1(at)outlook.com).<br \/><br \/>J\u00e4sen- ja kannatusmaksut 2026 ovat seuraavat:<br \/>Yksityishenkil\u00f6t 20 \u20ac<br \/>Yhdistykset 100 \u20ac<br \/>Yritykset ja liikelaitokset 250 \u20ac<br \/><br \/>Yhdistyksen tili on FI7980001000170804, DABAFIHH \u2013 viite 526 005.<br \/>Pienker\u00e4yslupa AR\/2026\/77 (voimassa 1.3.-31.5.2026)<br \/><br \/>Arvokkaasta yhteisty\u00f6st\u00e4nne kiitt\u00e4en<br \/><br \/>VIESTIS\u00c4\u00c4TI\u00d6N KANNATUSYHDISTYS r.y. Rek.nro 61.398<br \/>Tilanhoitajankaari 14 B 36, 00790 Helsinki<br \/>Reima Blomqvist puh.joht. reima.blomqvist(at)gmail.com<br \/>Kirsi Salo sihteeri kirsi.salo1(at)outlook.com<\/p>\n\n\n<p><\/p>\n","protected":false},"excerpt":{"rendered":"<p>Maanpuolustuksen Viestis\u00e4\u00e4ti\u00f6 sr Maanpuolustuksen Viestis\u00e4\u00e4ti\u00f6n (MPVS) tarkoituksena on kehitt\u00e4\u00e4 viesti-, tietotekniikka- ja tietoliikennealan maanpuolustusvalmiutta Suomessa tukemalla sit\u00e4 edist\u00e4vi\u00e4 opintoja, tutkimus- ja julkaisutoimintaa sek\u00e4 perinnety\u00f6t\u00e4. Viestitoiminnan kehitt\u00e4miseksi Maanpuolustuksen Viestis\u00e4\u00e4ti\u00f6 jakaa apurahoja sek\u00e4 varttuneille tutkijoille&#8230;<\/p>\n","protected":false},"author":3,"featured_media":0,"parent":0,"menu_order":5,"comment_status":"closed","ping_status":"closed","template":"","meta":{"_acf_changed":false,"footnotes":""},"class_list":["post-53","page","type-page","status-publish","hentry","post"],"acf":[],"jetpack_sharing_enabled":true,"jetpack_shortlink":"https:\/\/wp.me\/P9I03o-R","jetpack-related-posts":[{"id":99,"url":"https:\/\/viestiupseeriyhdistys.fi\/index.php\/etusivu\/","url_meta":{"origin":53,"position":0},"title":"Viestiupseeriyhdistys ry","author":"Harri Reini","date":"23.8.2017","format":false,"excerpt":"Viestiupseeriyhdistys on viesti- ja johtamisj\u00e4rjestelm\u00e4alan sek\u00e4 s\u00e4hk\u00f6isen viestialan teht\u00e4viss\u00e4 toimivien ja toimineiden henkil\u00f6iden yhteinen maanpuolustusj\u00e4rjest\u00f6. Yhdistyksen tarkoituksena on edist\u00e4\u00e4 maanpuolustusty\u00f6t\u00e4 ja kansalaisten maanpuolustustahtoa yhdist\u00e4m\u00e4ll\u00e4 viesti- ja johtamisj\u00e4rjestelm\u00e4alalla sek\u00e4 s\u00e4hk\u00f6isen viestialan teht\u00e4viss\u00e4 toimivia ja toimineita henkil\u00f6it\u00e4. Yhdistys edesauttaa j\u00e4seni\u00e4 tuntemaan toisensa, kehitt\u00e4\u00e4 j\u00e4senist\u00f6ns\u00e4 ammattitaitoa sek\u00e4 vaalii viestialan perinteit\u00e4 sek\u00e4 yll\u00e4pit\u00e4\u00e4 ja\u2026","rel":"","context":"Samankaltainen artikkeli","block_context":{"text":"Samankaltainen artikkeli","link":""},"img":{"alt_text":"","src":"","width":0,"height":0},"classes":[]},{"id":629,"url":"https:\/\/viestiupseeriyhdistys.fi\/index.php\/etusivu\/kuvagalleria\/","url_meta":{"origin":53,"position":1},"title":"Kuvagalleria","author":"Harri Reini","date":"22.11.2017","format":false,"excerpt":"Maanpuolustustapahtuma Mikkeliss\u00e4 5.12.2025 Puheenjohtaja Pertti Hyv\u00e4rinen luovuttaa VUY:n standaarin Suur-Savon Reserviupseeripiirin puheenjohtajalle Jan-Aulis Hiltuselle Toimialan edustajajina tilaisuudessa olivat Reima Blomqvist (PJ VSKY), Pertti Hyv\u00e4rinen (PJ VUY), Harri Reini (VUY) ja Eero Valkola (PJ MPVS) Viestiupseeriyhdistyksen syyskokous 26.9.2025 Riihim\u00e4ell\u00e4. Kokousosallistujat valmiina syyskokoukseen Seppo Uro p\u00e4ivitti kokousv\u00e4ke\u00e4 Riihim\u00e4en Upseerikerhon tilanteesta kokousp\u00e4iv\u00e4llisell\u00e4 Viestiupseeriyhdistys\u2026","rel":"","context":"Samankaltainen artikkeli","block_context":{"text":"Samankaltainen artikkeli","link":""},"img":{"alt_text":"","src":"https:\/\/i0.wp.com\/viestiupseeriyhdistys.fi\/wp-content\/uploads\/2026\/01\/Sami-Nurmi.jpg?resize=350%2C200&ssl=1","width":350,"height":200,"srcset":"https:\/\/i0.wp.com\/viestiupseeriyhdistys.fi\/wp-content\/uploads\/2026\/01\/Sami-Nurmi.jpg?resize=350%2C200&ssl=1 1x, https:\/\/i0.wp.com\/viestiupseeriyhdistys.fi\/wp-content\/uploads\/2026\/01\/Sami-Nurmi.jpg?resize=525%2C300&ssl=1 1.5x"},"classes":[]},{"id":115,"url":"https:\/\/viestiupseeriyhdistys.fi\/index.php\/etusivu\/viestiupseeriyhdistyksen-saannot\/","url_meta":{"origin":53,"position":2},"title":"Viestiupseeriyhdistyksen s\u00e4\u00e4nn\u00f6t","author":"Harri Reini","date":"31.8.2017","format":false,"excerpt":"Voimassaolevat s\u00e4\u00e4nn\u00f6t hyv\u00e4ksytty PRH:ssa.\u00a0Voimassaolon alku: 05.11.2024 10:26:08\u00a01 \u00a7 NIMI JA KOTIPAIKKAYhdistyksen nimi on Viestiupseeriyhdistys ry. Kotipaikka on Helsingin kaupunki ja yhdistys toimii koko valtakunnan alueella.2 \u00a7 TOIMINNAN TARKOITUSYhdistyksen toiminnan tarkoituksena on edist\u00e4\u00e4 kokonaismaanpuolustusty\u00f6t\u00e4, vahvistaa kansalaisten maanpuolustustahtoa, vahvistaa toimialan henkil\u00f6st\u00f6n keskin\u00e4ist\u00e4 tuntemista ja luottamusta, edesauttaa j\u00e4senist\u00f6n ammattitaidon kehittymist\u00e4 sek\u00e4 vaalia toimialanperinteit\u00e4.N\u00e4iss\u00e4\u2026","rel":"","context":"Samankaltainen artikkeli","block_context":{"text":"Samankaltainen artikkeli","link":""},"img":{"alt_text":"","src":"","width":0,"height":0},"classes":[]},{"id":347,"url":"https:\/\/viestiupseeriyhdistys.fi\/index.php\/tyolista\/","url_meta":{"origin":53,"position":3},"title":"Ty\u00f6lista","author":"Harri Reini","date":"20.9.2017","format":false,"excerpt":"ES=Erkka S MA=Martti A Layout \/ ulkoasu mobiiliversio, skaalautuvuus! suurennus\/pienennys? - Tehd\u00e4\u00e4n kun \"PC version\" valikot jne on \"lopulliset\" - Suurennus\/piennennys Android luurissa ei toimi viel\u00e4k\u00e4\u00e4n (ES, 22.11)\u00a0 \u00a0 \u00a0 -\u00a0 \u00a0 \u00a0 \u00a0 \u00a0ok, testattu 23.11 toimii Samsung S7 edge, HR Mobiilivalikon toiminta, testattu 23.11,\u00a0 otsikkotekstej\u00e4 vahvennettu,ok\/HR logon ja\u2026","rel":"","context":"Samankaltainen artikkeli","block_context":{"text":"Samankaltainen artikkeli","link":""},"img":{"alt_text":"","src":"","width":0,"height":0},"classes":[]},{"id":271,"url":"https:\/\/viestiupseeriyhdistys.fi\/index.php\/etusivu\/soneran-kerho\/","url_meta":{"origin":53,"position":4},"title":"Telian kerho","author":"Harri Reini","date":"12.9.2017","format":false,"excerpt":"\u00a0 Kerhon tarkoituksena on Toimia yhdyssiteen\u00e4 sek\u00e4 keskin\u00e4isen tuntemuksen ja luottamuksen edist\u00e4j\u00e4n\u00e4 j\u00e4sentens\u00e4 kesken Viestiupseeriyhdistys ry:n toimintaperiaatteita noudattaen, vaalia yleisesti maanpuolustushenke\u00e4 ja maanpuolustusharrastusta, lis\u00e4t\u00e4 j\u00e4senist\u00f6ns\u00e4 keskuudessa suomalaisen turvallisuuspolitiikan ja maanpuolustuksen tuntemusta sek\u00e4 tukea j\u00e4sentens\u00e4 valmiuksia kehitt\u00e4m\u00e4ll\u00e4 erityisesti j\u00e4senten tietoja ja taitoja s\u00e4hk\u00f6isen viestinn\u00e4n ja Telia-konsernin poikkeusoloihin varautumiseen liittyvill\u00e4 alueilla. Kerho\u2026","rel":"","context":"Samankaltainen artikkeli","block_context":{"text":"Samankaltainen artikkeli","link":""},"img":{"alt_text":"","src":"","width":0,"height":0},"classes":[]},{"id":307,"url":"https:\/\/viestiupseeriyhdistys.fi\/index.php\/etusivu\/tuotteet\/","url_meta":{"origin":53,"position":5},"title":"Tuotteet","author":"Harri Reini","date":"14.9.2017","format":false,"excerpt":"TUOTTEIDEN TILAUS T\u00e4lt\u00e4 sivulta voit tilata Viestiupseeriyhdistyksen tarjoamia tuotteita. Alla l\u00f6ytyvien tuotteiden lis\u00e4ksi Viestiupseeriyhdistys julkaisee nelj\u00e4 kertaa vuodessa ilmestyv\u00e4\u00e4 Viestimies-lehte\u00e4, joka on my\u00f6s mahdollista tilata. Viestimies-lehden voi tilata joka m\u00e4\u00e4r\u00e4aikaisena (1 vuosi) tai jatkuvana tilauksena. Tuotteiden mukana l\u00e4hetet\u00e4\u00e4n maksamisen perusteet . Kyberajan viestitaktiikka Viestiupseeriyhdistys ry:n julkaisu \"Kyberajan viestitaktiikka\" on julkaistu\u2026","rel":"","context":"Samankaltainen artikkeli","block_context":{"text":"Samankaltainen artikkeli","link":""},"img":{"alt_text":"","src":"","width":0,"height":0},"classes":[]}],"_links":{"self":[{"href":"https:\/\/viestiupseeriyhdistys.fi\/index.php\/wp-json\/wp\/v2\/pages\/53","targetHints":{"allow":["GET"]}}],"collection":[{"href":"https:\/\/viestiupseeriyhdistys.fi\/index.php\/wp-json\/wp\/v2\/pages"}],"about":[{"href":"https:\/\/viestiupseeriyhdistys.fi\/index.php\/wp-json\/wp\/v2\/types\/page"}],"author":[{"embeddable":true,"href":"https:\/\/viestiupseeriyhdistys.fi\/index.php\/wp-json\/wp\/v2\/users\/3"}],"replies":[{"embeddable":true,"href":"https:\/\/viestiupseeriyhdistys.fi\/index.php\/wp-json\/wp\/v2\/comments?post=53"}],"version-history":[{"count":37,"href":"https:\/\/viestiupseeriyhdistys.fi\/index.php\/wp-json\/wp\/v2\/pages\/53\/revisions"}],"predecessor-version":[{"id":636363,"href":"https:\/\/viestiupseeriyhdistys.fi\/index.php\/wp-json\/wp\/v2\/pages\/53\/revisions\/636363"}],"wp:attachment":[{"href":"https:\/\/viestiupseeriyhdistys.fi\/index.php\/wp-json\/wp\/v2\/media?parent=53"}],"curies":[{"name":"wp","href":"https:\/\/api.w.org\/{rel}","templated":true}]}}