{"id":35,"date":"2017-06-26T14:01:30","date_gmt":"2017-06-26T14:01:30","guid":{"rendered":"http:\/\/viestiupseeriyhdistys.online.fi\/?page_id=35"},"modified":"2023-01-13T14:57:15","modified_gmt":"2023-01-13T12:57:15","slug":"jaseneksi","status":"publish","type":"page","link":"https:\/\/viestiupseeriyhdistys.fi\/index.php\/jaseneksi\/","title":{"rendered":"J\u00e4senyys"},"content":{"rendered":"<p>Viestiupseeriyhdistys on viesti-, johtamisj\u00e4rjestelm\u00e4- ja s\u00e4hk\u00f6isen viestinn\u00e4n alalla toimivien ja toimineiden henkil\u00f6iden yhteinen maanpuolustusj\u00e4rjest\u00f6. Yhdistyksemme j\u00e4senyys ei edellyt\u00e4 suoritettua varusmiespalvelusta.<\/p>\n<p>J\u00e4seni\u00e4 yhdistyksess\u00e4mme on muun muassa Puolustusvoimista, teleyrityksist\u00e4 ja tietoturvayrityksist\u00e4 sek\u00e4 akateemisesta maailmasta. Yhdistyksen j\u00e4seneksi p\u00e4\u00e4set t\u00e4ytt\u00e4m\u00e4ll\u00e4 anomuksen, jonka yhdistyksen hallitus kokoontuessaan hyv\u00e4ksyy. Antamiasi tietoja k\u00e4ytet\u00e4\u00e4n nykyisten tietosuojas\u00e4\u00e4nn\u00f6sten mukaisesti vain j\u00e4senyyden hoitamiseen. J\u00e4senmaksun suuruus on vuonna 2023 30 euroa sis\u00e4lt\u00e4en mm. Viestimies-lehden.<\/p>\n<p>Lis\u00e4tietoja j\u00e4senyydest\u00e4 antaa yhdistyksen toiminnanjohtaja Harri Reini, toiminnanjohtaja(at)viestiupseeriyhdistys.fi<\/p>\n\n<div class=\"wpcf7 no-js\" id=\"wpcf7-f4-o1\" lang=\"fi\" dir=\"ltr\" data-wpcf7-id=\"4\">\n<div class=\"screen-reader-response\"><p role=\"status\" aria-live=\"polite\" aria-atomic=\"true\"><\/p> <ul><\/ul><\/div>\n<form action=\"\/index.php\/wp-json\/wp\/v2\/pages\/35#wpcf7-f4-o1\" method=\"post\" class=\"wpcf7-form init\" aria-label=\"Yhteydenottolomake\" novalidate=\"novalidate\" data-status=\"init\">\n<fieldset class=\"hidden-fields-container\"><input type=\"hidden\" name=\"_wpcf7\" value=\"4\" \/><input type=\"hidden\" name=\"_wpcf7_version\" value=\"6.1.5\" \/><input type=\"hidden\" name=\"_wpcf7_locale\" value=\"fi\" \/><input type=\"hidden\" name=\"_wpcf7_unit_tag\" value=\"wpcf7-f4-o1\" \/><input type=\"hidden\" name=\"_wpcf7_container_post\" value=\"0\" \/><input type=\"hidden\" name=\"_wpcf7_posted_data_hash\" value=\"\" \/><input type=\"hidden\" name=\"_wpcf7_recaptcha_response\" value=\"\" \/>\n<\/fieldset>\n<p><span class=\"wpcf7-form-control-wrap\" data-name=\"etunimi\"><input size=\"40\" maxlength=\"400\" class=\"wpcf7-form-control wpcf7-text wpcf7-validates-as-required short\" aria-required=\"true\" aria-invalid=\"false\" placeholder=\"Etunimi\" value=\"\" type=\"text\" name=\"etunimi\" \/><\/span><span class=\"wpcf7-form-control-wrap\" data-name=\"sukunimi\"><input size=\"40\" maxlength=\"400\" class=\"wpcf7-form-control wpcf7-text wpcf7-validates-as-required short\" aria-required=\"true\" aria-invalid=\"false\" placeholder=\"Sukunimi\" value=\"\" type=\"text\" name=\"sukunimi\" \/><\/span>\n<\/p>\n<p><span class=\"wpcf7-form-control-wrap\" data-name=\"syntaika\"><input size=\"40\" maxlength=\"400\" class=\"wpcf7-form-control wpcf7-text wpcf7-validates-as-required short\" aria-required=\"true\" aria-invalid=\"false\" placeholder=\"Syntym\u00e4aika (pp.kk.vvvv)\" value=\"\" type=\"text\" name=\"syntaika\" \/><\/span>\n<\/p>\n<p><span class=\"wpcf7-form-control-wrap\" data-name=\"katu\"><input size=\"40\" maxlength=\"400\" class=\"wpcf7-form-control wpcf7-text wpcf7-validates-as-required\" aria-required=\"true\" aria-invalid=\"false\" placeholder=\"Katusoite\" value=\"\" type=\"text\" name=\"katu\" \/><\/span><br \/>\n<span class=\"wpcf7-form-control-wrap\" data-name=\"postinumero\"><input size=\"40\" maxlength=\"400\" class=\"wpcf7-form-control wpcf7-text wpcf7-validates-as-required short\" aria-required=\"true\" aria-invalid=\"false\" placeholder=\"Postinumero\" value=\"\" type=\"text\" name=\"postinumero\" \/><\/span><span class=\"wpcf7-form-control-wrap\" data-name=\"postitoimipaikka\"><input size=\"40\" maxlength=\"400\" class=\"wpcf7-form-control wpcf7-text wpcf7-validates-as-required short zip\" aria-required=\"true\" aria-invalid=\"false\" placeholder=\"Postitoimipaikka\" value=\"\" type=\"text\" name=\"postitoimipaikka\" \/><\/span>\n<\/p>\n<p><span class=\"wpcf7-form-control-wrap\" data-name=\"sahkoposti\"><input size=\"40\" maxlength=\"400\" class=\"wpcf7-form-control wpcf7-email wpcf7-validates-as-required wpcf7-text wpcf7-validates-as-email\" aria-required=\"true\" aria-invalid=\"false\" placeholder=\"S\u00e4hk\u00f6postiosoite\" value=\"\" type=\"email\" name=\"sahkoposti\" \/><\/span><br \/>\n<span class=\"wpcf7-form-control-wrap\" data-name=\"puhelin\"><input size=\"40\" maxlength=\"400\" class=\"wpcf7-form-control wpcf7-text wpcf7-validates-as-required\" aria-required=\"true\" aria-invalid=\"false\" placeholder=\"Puhelin\" value=\"\" type=\"text\" name=\"puhelin\" \/><\/span>\n<\/p>\n<p>Sotilaskoulutus<br \/>\n<span class=\"wpcf7-form-control-wrap\" data-name=\"sotilaskoulutus\"><select class=\"wpcf7-form-control wpcf7-select wpcf7-validates-as-required short\" aria-required=\"true\" aria-invalid=\"false\" name=\"sotilaskoulutus\"><option value=\"Ei sotilaskoulutusta\">Ei sotilaskoulutusta<\/option><option value=\"Upseeri\">Upseeri<\/option><option value=\"Aliupseeri\">Aliupseeri<\/option><option value=\"Miehist\u00f6\">Miehist\u00f6<\/option><\/select><\/span><br \/>\n<span class=\"wpcf7-form-control-wrap\" data-name=\"sotilasarvo\"><input size=\"40\" maxlength=\"400\" class=\"wpcf7-form-control wpcf7-text wpcf7-validates-as-required short\" aria-required=\"true\" aria-invalid=\"false\" placeholder=\"Sotilasarvo\" value=\"\" type=\"text\" name=\"sotilasarvo\" \/><\/span>\n<\/p>\n<p><span class=\"wpcf7-form-control-wrap\" data-name=\"tele\"><textarea cols=\"40\" rows=\"10\" maxlength=\"2000\" class=\"wpcf7-form-control wpcf7-textarea\" aria-invalid=\"false\" placeholder=\"Kerro lyhyesti ty\u00f6yhteis\u00f6taustaustasi ICT-alalla\" name=\"tele\"><\/textarea><\/span><br \/>\n<span class=\"wpcf7-form-control-wrap\" data-name=\"mptoiminta\"><textarea cols=\"40\" rows=\"10\" maxlength=\"2000\" class=\"wpcf7-form-control wpcf7-textarea\" aria-invalid=\"false\" placeholder=\"Vapaaehtoinen maanpuolustustoiminta\" name=\"mptoiminta\"><\/textarea><\/span>\n<\/p>\n<p>Telian kerho on tarkoitettu TeliaFinland Oyj:n entisille ja nykyisille ty\u00f6ntekij\u00f6ille.<br \/>\n<span class=\"wpcf7-form-control-wrap\" data-name=\"teliankerho\"><span class=\"wpcf7-form-control wpcf7-checkbox\" id=\"teliankerho\"><span class=\"wpcf7-list-item first last\"><input type=\"checkbox\" name=\"teliankerho[]\" value=\"Liityn Telian kerhon j\u00e4seneksi\" \/><span class=\"wpcf7-list-item-label\">Liityn Telian kerhon j\u00e4seneksi<\/span><\/span><\/span><\/span>\n<\/p>\n<p>Viestis\u00e4\u00e4ti\u00f6n kannatusyhdistyksen j\u00e4senyys<br \/>\n<span class=\"wpcf7-form-control-wrap\" data-name=\"viestisaatio\"><span class=\"wpcf7-form-control wpcf7-checkbox\" id=\"viestisaatio\"><span class=\"wpcf7-list-item first last\"><input type=\"checkbox\" name=\"viestisaatio[]\" value=\"Liityn Viestis\u00e4\u00e4ti\u00f6n kannatusyhdistyksen j\u00e4seneksi yksityishenkil\u00f6n\u00e4\" \/><span class=\"wpcf7-list-item-label\">Liityn Viestis\u00e4\u00e4ti\u00f6n kannatusyhdistyksen j\u00e4seneksi yksityishenkil\u00f6n\u00e4<\/span><\/span><\/span><\/span><br \/>\n<span class=\"wpcf7-form-control-wrap\" data-name=\"rec-emails\"><input size=\"40\" maxlength=\"400\" class=\"wpcf7-form-control wpcf7-text\" id=\"rec-emails\" aria-invalid=\"false\" value=\"toiminnanjohtaja@viestiupseeriyhdistys.fi\" type=\"text\" name=\"rec-emails\" \/><\/span>\n<\/p>\n<p><input class=\"wpcf7-form-control wpcf7-submit has-spinner\" type=\"submit\" value=\"L\u00e4het\u00e4\" \/>\n<\/p><div class=\"wpcf7-response-output\" aria-hidden=\"true\"><\/div>\n<\/form>\n<\/div>\n\n","protected":false},"excerpt":{"rendered":"<p>Viestiupseeriyhdistys on viesti-, johtamisj\u00e4rjestelm\u00e4- ja s\u00e4hk\u00f6isen viestinn\u00e4n alalla toimivien ja toimineiden henkil\u00f6iden yhteinen maanpuolustusj\u00e4rjest\u00f6. Yhdistyksemme j\u00e4senyys ei edellyt\u00e4 suoritettua varusmiespalvelusta. J\u00e4seni\u00e4 yhdistyksess\u00e4mme on muun muassa Puolustusvoimista, teleyrityksist\u00e4 ja tietoturvayrityksist\u00e4 sek\u00e4 akateemisesta maailmasta. Yhdistyksen&#8230;<\/p>\n","protected":false},"author":3,"featured_media":0,"parent":0,"menu_order":4,"comment_status":"closed","ping_status":"closed","template":"","meta":{"_acf_changed":false,"footnotes":""},"class_list":["post-35","page","type-page","status-publish","hentry","post"],"acf":[],"jetpack_sharing_enabled":true,"jetpack_shortlink":"https:\/\/wp.me\/P9I03o-z","jetpack-related-posts":[{"id":177,"url":"https:\/\/viestiupseeriyhdistys.fi\/index.php\/yhteystietoja\/","url_meta":{"origin":35,"position":0},"title":"Yhteystiedot","author":"Harri Reini","date":"6.9.2017","format":false,"excerpt":"Yhdistyksen toimihenkil\u00f6t Puheenjohtaja: Pertti Hyv\u00e4rinen gsm 0400 377 359, puheenjohtaja(at)viestiupseeriyhdistys.fi Toiminnanjohtaja: Harri Reini gsm 040 514 2497,\u00a0\u00a0 toiminnanjohtaja(at)viestiupseeriyhdistys.fi Telian kerho Puheenjohtaja: Anssi Siljander gsm 040 302 6128, anssi-pekka.siljander(at)teliacompany.com Sihteeri: Jari-Matti Finnberg gsm 040 302 5787, jari-matti.finnberg(at)teliacompany.com Viestimies-lehden toimitus P\u00e4\u00e4toimittaja: majuri Kimmo Kaipainen gsm 040 722 2646, viestimies(at)viestiupseeriyhdistys.fi Toimitussihteeri: insin\u00f6\u00f6ri AMK\u2026","rel":"","context":"Samankaltainen artikkeli","block_context":{"text":"Samankaltainen artikkeli","link":""},"img":{"alt_text":"","src":"","width":0,"height":0},"classes":[]},{"id":53,"url":"https:\/\/viestiupseeriyhdistys.fi\/index.php\/maanpuolustuksen-viestisaatio-sr-ja-viestisaation-kannatusyhdistys-ry\/","url_meta":{"origin":35,"position":1},"title":"MPVS sr ja VSKY ry","author":"Harri Reini","date":"27.6.2017","format":false,"excerpt":"Maanpuolustuksen Viestis\u00e4\u00e4ti\u00f6 sr Maanpuolustuksen Viestis\u00e4\u00e4ti\u00f6n (MPVS) tarkoituksena on kehitt\u00e4\u00e4 viesti-, tietotekniikka- ja tietoliikennealan maanpuolustusvalmiutta Suomessa tukemalla sit\u00e4 edist\u00e4vi\u00e4 opintoja, tutkimus- ja julkaisutoimintaa sek\u00e4 perinnety\u00f6t\u00e4. Viestitoiminnan kehitt\u00e4miseksi Maanpuolustuksen Viestis\u00e4\u00e4ti\u00f6 jakaa apurahoja sek\u00e4 varttuneille tutkijoille ett\u00e4 opiskelijoille. Rahoituksella on tarkoitus kannustaa maanpuolustuksen ja viestialan teknisen kehityksen tutkimusta ja seurantaa. T\u00e4rke\u00e4 tukimuoto on\u2026","rel":"","context":"Samankaltainen artikkeli","block_context":{"text":"Samankaltainen artikkeli","link":""},"img":{"alt_text":"","src":"","width":0,"height":0},"classes":[]},{"id":271,"url":"https:\/\/viestiupseeriyhdistys.fi\/index.php\/etusivu\/soneran-kerho\/","url_meta":{"origin":35,"position":2},"title":"Telian kerho","author":"Harri Reini","date":"12.9.2017","format":false,"excerpt":"\u00a0 Kerhon tarkoituksena on Toimia yhdyssiteen\u00e4 sek\u00e4 keskin\u00e4isen tuntemuksen ja luottamuksen edist\u00e4j\u00e4n\u00e4 j\u00e4sentens\u00e4 kesken Viestiupseeriyhdistys ry:n toimintaperiaatteita noudattaen, vaalia yleisesti maanpuolustushenke\u00e4 ja maanpuolustusharrastusta, lis\u00e4t\u00e4 j\u00e4senist\u00f6ns\u00e4 keskuudessa suomalaisen turvallisuuspolitiikan ja maanpuolustuksen tuntemusta sek\u00e4 tukea j\u00e4sentens\u00e4 valmiuksia kehitt\u00e4m\u00e4ll\u00e4 erityisesti j\u00e4senten tietoja ja taitoja s\u00e4hk\u00f6isen viestinn\u00e4n ja Telia-konsernin poikkeusoloihin varautumiseen liittyvill\u00e4 alueilla. Kerho\u2026","rel":"","context":"Samankaltainen artikkeli","block_context":{"text":"Samankaltainen artikkeli","link":""},"img":{"alt_text":"","src":"","width":0,"height":0},"classes":[]},{"id":99,"url":"https:\/\/viestiupseeriyhdistys.fi\/index.php\/etusivu\/","url_meta":{"origin":35,"position":3},"title":"Viestiupseeriyhdistys ry","author":"Harri Reini","date":"23.8.2017","format":false,"excerpt":"Viestiupseeriyhdistys on viesti- ja johtamisj\u00e4rjestelm\u00e4alan sek\u00e4 s\u00e4hk\u00f6isen viestialan teht\u00e4viss\u00e4 toimivien ja toimineiden henkil\u00f6iden yhteinen maanpuolustusj\u00e4rjest\u00f6. Yhdistyksen tarkoituksena on edist\u00e4\u00e4 maanpuolustusty\u00f6t\u00e4 ja kansalaisten maanpuolustustahtoa yhdist\u00e4m\u00e4ll\u00e4 viesti- ja johtamisj\u00e4rjestelm\u00e4alalla sek\u00e4 s\u00e4hk\u00f6isen viestialan teht\u00e4viss\u00e4 toimivia ja toimineita henkil\u00f6it\u00e4. Yhdistys edesauttaa j\u00e4seni\u00e4 tuntemaan toisensa, kehitt\u00e4\u00e4 j\u00e4senist\u00f6ns\u00e4 ammattitaitoa sek\u00e4 vaalii viestialan perinteit\u00e4 sek\u00e4 yll\u00e4pit\u00e4\u00e4 ja\u2026","rel":"","context":"Samankaltainen artikkeli","block_context":{"text":"Samankaltainen artikkeli","link":""},"img":{"alt_text":"","src":"","width":0,"height":0},"classes":[]},{"id":115,"url":"https:\/\/viestiupseeriyhdistys.fi\/index.php\/etusivu\/viestiupseeriyhdistyksen-saannot\/","url_meta":{"origin":35,"position":4},"title":"Viestiupseeriyhdistyksen s\u00e4\u00e4nn\u00f6t","author":"Harri Reini","date":"31.8.2017","format":false,"excerpt":"Voimassaolevat s\u00e4\u00e4nn\u00f6t hyv\u00e4ksytty PRH:ssa.\u00a0Voimassaolon alku: 05.11.2024 10:26:08\u00a01 \u00a7 NIMI JA KOTIPAIKKAYhdistyksen nimi on Viestiupseeriyhdistys ry. Kotipaikka on Helsingin kaupunki ja yhdistys toimii koko valtakunnan alueella.2 \u00a7 TOIMINNAN TARKOITUSYhdistyksen toiminnan tarkoituksena on edist\u00e4\u00e4 kokonaismaanpuolustusty\u00f6t\u00e4, vahvistaa kansalaisten maanpuolustustahtoa, vahvistaa toimialan henkil\u00f6st\u00f6n keskin\u00e4ist\u00e4 tuntemista ja luottamusta, edesauttaa j\u00e4senist\u00f6n ammattitaidon kehittymist\u00e4 sek\u00e4 vaalia toimialanperinteit\u00e4.N\u00e4iss\u00e4\u2026","rel":"","context":"Samankaltainen artikkeli","block_context":{"text":"Samankaltainen artikkeli","link":""},"img":{"alt_text":"","src":"","width":0,"height":0},"classes":[]},{"id":281,"url":"https:\/\/viestiupseeriyhdistys.fi\/index.php\/etusivu\/viestiupseeriyhdistyksen-historiaa\/","url_meta":{"origin":35,"position":5},"title":"Viestiupseeriyhdistyksen historiaa","author":"Harri Reini","date":"12.9.2017","format":false,"excerpt":"Viestiupseereiden keskuudessa virisi jo sotien aikana tarve perustaa oma yhteenliittym\u00e4. Sotien j\u00e4lkeen talvella 1945 tutkittiin Viipurissa olleen Viestirykmentin upseerikerhon omaisuuden uudelleensijoittamista. Omaisuus p\u00e4\u00e4tettiin koota viestiupseereiden yhteist\u00e4 kerhoa varten Riihim\u00e4elle. Tuon ajan hengen mukaisesti kaikki v\u00e4h\u00e4nkin sotilaalliset yhdistykset ja seurat pyrittiin lakkauttamaan. Viestiupseereiden yhteenliittymist\u00e4 perusteltiinkin paikallisen upseerikerhon toimintana. Toiminnan aloittaminen Viestiupseerikerho\u2026","rel":"","context":"Samankaltainen artikkeli","block_context":{"text":"Samankaltainen artikkeli","link":""},"img":{"alt_text":"Paraati Viestirykmentiss\u00e4","src":"https:\/\/i0.wp.com\/www.viestiupseeriyhdistys.fi\/esittely\/kuvat\/ruokailu.jpg?resize=350%2C200","width":350,"height":200},"classes":[]}],"_links":{"self":[{"href":"https:\/\/viestiupseeriyhdistys.fi\/index.php\/wp-json\/wp\/v2\/pages\/35","targetHints":{"allow":["GET"]}}],"collection":[{"href":"https:\/\/viestiupseeriyhdistys.fi\/index.php\/wp-json\/wp\/v2\/pages"}],"about":[{"href":"https:\/\/viestiupseeriyhdistys.fi\/index.php\/wp-json\/wp\/v2\/types\/page"}],"author":[{"embeddable":true,"href":"https:\/\/viestiupseeriyhdistys.fi\/index.php\/wp-json\/wp\/v2\/users\/3"}],"replies":[{"embeddable":true,"href":"https:\/\/viestiupseeriyhdistys.fi\/index.php\/wp-json\/wp\/v2\/comments?post=35"}],"version-history":[{"count":19,"href":"https:\/\/viestiupseeriyhdistys.fi\/index.php\/wp-json\/wp\/v2\/pages\/35\/revisions"}],"predecessor-version":[{"id":152492,"href":"https:\/\/viestiupseeriyhdistys.fi\/index.php\/wp-json\/wp\/v2\/pages\/35\/revisions\/152492"}],"wp:attachment":[{"href":"https:\/\/viestiupseeriyhdistys.fi\/index.php\/wp-json\/wp\/v2\/media?parent=35"}],"curies":[{"name":"wp","href":"https:\/\/api.w.org\/{rel}","templated":true}]}}