{"id":336,"date":"2017-09-15T11:44:46","date_gmt":"2017-09-15T08:44:46","guid":{"rendered":"http:\/\/viestiupseeriyhdistys.online.fi\/?page_id=336"},"modified":"2026-01-26T17:10:58","modified_gmt":"2026-01-26T15:10:58","slug":"mediakortti","status":"publish","type":"page","link":"https:\/\/viestiupseeriyhdistys.fi\/index.php\/viestimies-lehti\/mediakortti\/","title":{"rendered":"Mediakortti"},"content":{"rendered":"\n<p>Mediakortti 2026<\/p>\n\n\n\n<figure class=\"wp-block-image size-full\"><img loading=\"lazy\" decoding=\"async\" width=\"591\" height=\"840\" data-attachment-id=\"636289\" data-permalink=\"https:\/\/viestiupseeriyhdistys.fi\/index.php\/viestimies-lehti\/mediakortti\/mediakortti_2026-2\/\" data-orig-file=\"https:\/\/viestiupseeriyhdistys.fi\/wp-content\/uploads\/2026\/01\/mediakortti_2026-1.jpg\" data-orig-size=\"591,840\" data-comments-opened=\"0\" data-image-meta=\"{&quot;aperture&quot;:&quot;0&quot;,&quot;credit&quot;:&quot;&quot;,&quot;camera&quot;:&quot;&quot;,&quot;caption&quot;:&quot;&quot;,&quot;created_timestamp&quot;:&quot;0&quot;,&quot;copyright&quot;:&quot;&quot;,&quot;focal_length&quot;:&quot;0&quot;,&quot;iso&quot;:&quot;0&quot;,&quot;shutter_speed&quot;:&quot;0&quot;,&quot;title&quot;:&quot;&quot;,&quot;orientation&quot;:&quot;0&quot;}\" data-image-title=\"mediakortti_2026\" data-image-description=\"\" data-image-caption=\"\" data-large-file=\"https:\/\/viestiupseeriyhdistys.fi\/wp-content\/uploads\/2026\/01\/mediakortti_2026-1.jpg\" src=\"http:\/\/viestiupseeriyhdistys.fi\/wp-content\/uploads\/2026\/01\/mediakortti_2026-1.jpg\" alt=\"\" class=\"wp-image-636289\" srcset=\"https:\/\/viestiupseeriyhdistys.fi\/wp-content\/uploads\/2026\/01\/mediakortti_2026-1.jpg 591w, https:\/\/viestiupseeriyhdistys.fi\/wp-content\/uploads\/2026\/01\/mediakortti_2026-1-211x300.jpg 211w\" sizes=\"auto, (max-width: 591px) 100vw, 591px\" \/><\/figure>\n","protected":false},"excerpt":{"rendered":"<p>Mediakortti 2026<\/p>\n","protected":false},"author":3,"featured_media":0,"parent":33,"menu_order":0,"comment_status":"closed","ping_status":"closed","template":"","meta":{"_acf_changed":false,"footnotes":""},"class_list":["post-336","page","type-page","status-publish","hentry","post"],"acf":[],"jetpack_sharing_enabled":true,"jetpack_shortlink":"https:\/\/wp.me\/P9I03o-5q","jetpack-related-posts":[{"id":53,"url":"https:\/\/viestiupseeriyhdistys.fi\/index.php\/maanpuolustuksen-viestisaatio-sr-ja-viestisaation-kannatusyhdistys-ry\/","url_meta":{"origin":336,"position":0},"title":"MPVS sr ja VSKY ry","author":"Harri Reini","date":"27.6.2017","format":false,"excerpt":"Maanpuolustuksen Viestis\u00e4\u00e4ti\u00f6 sr Maanpuolustuksen Viestis\u00e4\u00e4ti\u00f6n (MPVS) tarkoituksena on kehitt\u00e4\u00e4 viesti-, tietotekniikka- ja tietoliikennealan maanpuolustusvalmiutta Suomessa tukemalla sit\u00e4 edist\u00e4vi\u00e4 opintoja, tutkimus- ja julkaisutoimintaa sek\u00e4 perinnety\u00f6t\u00e4. Viestitoiminnan kehitt\u00e4miseksi Maanpuolustuksen Viestis\u00e4\u00e4ti\u00f6 jakaa apurahoja sek\u00e4 varttuneille tutkijoille ett\u00e4 opiskelijoille. Rahoituksella on tarkoitus kannustaa maanpuolustuksen ja viestialan teknisen kehityksen tutkimusta ja seurantaa. T\u00e4rke\u00e4 tukimuoto on\u2026","rel":"","context":"Samankaltainen artikkeli","block_context":{"text":"Samankaltainen artikkeli","link":""},"img":{"alt_text":"","src":"","width":0,"height":0},"classes":[]}],"_links":{"self":[{"href":"https:\/\/viestiupseeriyhdistys.fi\/index.php\/wp-json\/wp\/v2\/pages\/336","targetHints":{"allow":["GET"]}}],"collection":[{"href":"https:\/\/viestiupseeriyhdistys.fi\/index.php\/wp-json\/wp\/v2\/pages"}],"about":[{"href":"https:\/\/viestiupseeriyhdistys.fi\/index.php\/wp-json\/wp\/v2\/types\/page"}],"author":[{"embeddable":true,"href":"https:\/\/viestiupseeriyhdistys.fi\/index.php\/wp-json\/wp\/v2\/users\/3"}],"replies":[{"embeddable":true,"href":"https:\/\/viestiupseeriyhdistys.fi\/index.php\/wp-json\/wp\/v2\/comments?post=336"}],"version-history":[{"count":19,"href":"https:\/\/viestiupseeriyhdistys.fi\/index.php\/wp-json\/wp\/v2\/pages\/336\/revisions"}],"predecessor-version":[{"id":636291,"href":"https:\/\/viestiupseeriyhdistys.fi\/index.php\/wp-json\/wp\/v2\/pages\/336\/revisions\/636291"}],"up":[{"embeddable":true,"href":"https:\/\/viestiupseeriyhdistys.fi\/index.php\/wp-json\/wp\/v2\/pages\/33"}],"wp:attachment":[{"href":"https:\/\/viestiupseeriyhdistys.fi\/index.php\/wp-json\/wp\/v2\/media?parent=336"}],"curies":[{"name":"wp","href":"https:\/\/api.w.org\/{rel}","templated":true}]}}