{"id":33,"date":"2017-06-26T14:01:14","date_gmt":"2017-06-26T14:01:14","guid":{"rendered":"http:\/\/viestiupseeriyhdistys.online.fi\/?page_id=33"},"modified":"2026-04-05T18:35:50","modified_gmt":"2026-04-05T15:35:50","slug":"viestimies-lehti","status":"publish","type":"page","link":"https:\/\/viestiupseeriyhdistys.fi\/index.php\/viestimies-lehti\/","title":{"rendered":"Viestimies-lehti"},"content":{"rendered":"<p>Viestimies-lehti on Viestiupseeriyhdistys ry:n julkaisu, jonka teht\u00e4v\u00e4n\u00e4 on<\/p>\n<ul>\n<li>Edist\u00e4\u00e4 j\u00e4senist\u00f6n maanpuolustustietoutta viesti- ja johtamisj\u00e4rjestelm\u00e4alalla<\/li>\n<li>Tiedottaa alan koulutuksen, tekniikan, organisaatioiden ja muun toiminnan kehityksest\u00e4 sek\u00e4<\/li>\n<li>Toimia Viestiupseeriyhdistys ry:n tiedotusjulkaisuna.<\/li>\n<\/ul>\n<p><b>Viestimies-lehti<\/b> on ilmestynyt vuodesta 1946 alkaen nelj\u00e4 kertaa vuodessa. Lehti l\u00e4hetet\u00e4\u00e4n j\u00e4senetuna kaikille Viestiupseeriyhdistys ry:n j\u00e4senille. Lehden voi my\u00f6s tilata erikseen 35 euron vuosihintaan tuotteet sivulta.<\/p>\n<p><strong>Viestimies-lehden<\/strong> aineisto- ja ilmestymisaikataulu ovat mediakortissa.<\/p>\n<p>Palautetta Viestimies-lehteen liittyviss\u00e4 asioissa pyydet\u00e4\u00e4n l\u00e4hett\u00e4m\u00e4\u00e4n lehden <a href=\"mailto:viestimies@viestiupseeriyhdistys.fi\">p\u00e4\u00e4toimittajalle<\/a>.<\/p>\n<p>Viestiupseeriyhdistys julkaisee noin nelj\u00e4n vuoden v\u00e4lein <b>Viestimies-kirjaa<\/b>. Voit tilata ko. kirjan tuotteet sivulta.<\/p>\n<p>Viestimies-lehden ilmoitushankkijana toimii Markkinointi- ja Mainospalvelu Halminen Ky, Juha Halminen, gsm 050 592 2722, juha.halminen(at)kolumbus.fi<\/p>\n<div id=\"lehdet\">\n<hr \/><\/div>\n<h2>Viimeisimm\u00e4t n\u00e4k\u00f6islehdet<\/p>\n<\/h2>\n\n\n<div style=\"position:relative;padding-top:max(60%,326px);height:0;width:100%\"><iframe title=\"Viestimies 1\/2026\" allow=\"clipboard-write\" sandbox=\"allow-top-navigation allow-top-navigation-by-user-activation allow-downloads allow-scripts allow-same-origin allow-popups allow-modals allow-popups-to-escape-sandbox allow-forms\" allowfullscreen=\"true\" style=\"position:absolute;border:none;width:100%;height:100%;left:0;right:0;top:0;bottom:0;\" src=\"https:\/\/e.issuu.com\/embed.html?d=viestimies_1_2026&#038;u=viestimies\"><\/iframe><\/div>\n\n\n\n<div style=\"position:relative;padding-top:max(60%,326px);height:0;width:100%\"><iframe allow=\"clipboard-write\" sandbox=\"allow-top-navigation allow-top-navigation-by-user-activation allow-downloads allow-scripts allow-same-origin allow-popups allow-modals allow-popups-to-escape-sandbox allow-forms\" allowfullscreen=\"true\" style=\"position:absolute;border:none;width:100%;height:100%;left:0;right:0;top:0;bottom:0;\" src=\"https:\/\/e.issuu.com\/embed.html?d=viestimies_4_2025&#038;u=viestimies\"><\/iframe><\/div>\n\n\n\n<div style=\"position:relative;padding-top:max(60%,326px);height:0;width:100%\"><iframe allow=\"clipboard-write\" sandbox=\"allow-top-navigation allow-top-navigation-by-user-activation allow-downloads allow-scripts allow-same-origin allow-popups allow-modals allow-popups-to-escape-sandbox allow-forms\" allowfullscreen=\"true\" style=\"position:absolute;border:none;width:100%;height:100%;left:0;right:0;top:0;bottom:0;\" src=\"https:\/\/e.issuu.com\/embed.html?d=viestimies_3_2025&#038;u=viestimies\"><\/iframe><\/div>\n\n\n\n<div style=\"position:relative;padding-top:max(60%,326px);height:0;width:100%\"><iframe allow=\"clipboard-write\" sandbox=\"allow-top-navigation allow-top-navigation-by-user-activation allow-downloads allow-scripts allow-same-origin allow-popups allow-modals allow-popups-to-escape-sandbox allow-forms\" allowfullscreen=\"true\" style=\"position:absolute;border:none;width:100%;height:100%;left:0;right:0;top:0;bottom:0;\" src=\"https:\/\/e.issuu.com\/embed.html?d=viestimies_2_2025&#038;u=viestimies\"><\/iframe><\/div>\n\n\n\n<div style=\"position:relative;padding-top:max(60%,326px);height:0;width:100%\"><iframe allow=\"clipboard-write\" sandbox=\"allow-top-navigation allow-top-navigation-by-user-activation allow-downloads allow-scripts allow-same-origin allow-popups allow-modals allow-popups-to-escape-sandbox allow-forms\" allowfullscreen=\"true\" style=\"position:absolute;border:none;width:100%;height:100%;left:0;right:0;top:0;bottom:0;\" src=\"https:\/\/e.issuu.com\/embed.html?d=viestimies_1_2025&#038;hideIssuuLogo=true&#038;u=viestimies\"><\/iframe><\/div>\n\n\n\n<div style=\"position:relative;padding-top:max(60%,326px);height:0;width:100%\"><iframe allow=\"clipboard-write\" sandbox=\"allow-top-navigation allow-top-navigation-by-user-activation allow-downloads allow-scripts allow-same-origin allow-popups allow-modals allow-popups-to-escape-sandbox allow-forms\" allowfullscreen=\"true\" style=\"position:absolute;border:none;width:100%;height:100%;left:0;right:0;top:0;bottom:0;\" src=\"https:\/\/e.issuu.com\/embed.html?d=vm_2024-4&#038;hideIssuuLogo=true&#038;u=viestimies\"><\/iframe><\/div>\n\n\n\n<div style=\"position:relative;padding-top:max(60%,326px);height:0;width:100%\"><iframe allow=\"clipboard-write\" sandbox=\"allow-top-navigation allow-top-navigation-by-user-activation allow-downloads allow-scripts allow-same-origin allow-popups allow-modals allow-popups-to-escape-sandbox allow-forms\" allowfullscreen=\"true\" style=\"position:absolute;border:none;width:100%;height:100%;left:0;right:0;top:0;bottom:0;\" src=\"https:\/\/e.issuu.com\/embed.html?d=vm_2024-3&#038;hideIssuuLogo=true&#038;u=viestimies\"><\/iframe><\/div>\n\n\n\n<div style=\"position:relative;padding-top:max(60%,326px);height:0;width:100%\"><iframe allow=\"clipboard-write\" sandbox=\"allow-top-navigation allow-top-navigation-by-user-activation allow-downloads allow-scripts allow-same-origin allow-popups allow-modals allow-popups-to-escape-sandbox allow-forms\" allowfullscreen=\"true\" style=\"position:absolute;border:none;width:100%;height:100%;left:0;right:0;top:0;bottom:0;\" src=\"https:\/\/e.issuu.com\/embed.html?d=vm_2024-2&#038;hideIssuuLogo=true&#038;u=viestimies\"><\/iframe><\/div>\n\n\n\n<div style=\"position:relative;padding-top:max(60%,326px);height:0;width:100%\"><iframe allow=\"clipboard-write\" sandbox=\"allow-top-navigation allow-top-navigation-by-user-activation allow-downloads allow-scripts allow-same-origin allow-popups allow-modals allow-popups-to-escape-sandbox allow-forms\" allowfullscreen=\"true\" style=\"position:absolute;border:none;width:100%;height:100%;left:0;right:0;top:0;bottom:0;\" src=\"https:\/\/e.issuu.com\/embed.html?d=vm_2024-1&#038;hideIssuuLogo=true&#038;logoImageUrl=http%3A%2F%2Fwww.viestiupseeriyhdistys.fi&#038;pageLayout=singlePage&#038;u=viestimies\"><\/iframe><\/div>\n","protected":false},"excerpt":{"rendered":"<p>Viestimies-lehti on Viestiupseeriyhdistys ry:n julkaisu, jonka teht\u00e4v\u00e4n\u00e4 on Edist\u00e4\u00e4 j\u00e4senist\u00f6n maanpuolustustietoutta viesti- ja johtamisj\u00e4rjestelm\u00e4alalla Tiedottaa alan koulutuksen, tekniikan, organisaatioiden ja muun toiminnan kehityksest\u00e4 sek\u00e4 Toimia Viestiupseeriyhdistys ry:n tiedotusjulkaisuna. Viestimies-lehti on ilmestynyt vuodesta 1946&#8230;<\/p>\n","protected":false},"author":3,"featured_media":0,"parent":0,"menu_order":6,"comment_status":"closed","ping_status":"closed","template":"template-lehti.php","meta":{"_acf_changed":false,"footnotes":""},"class_list":["post-33","page","type-page","status-publish","hentry","post"],"acf":[],"jetpack_sharing_enabled":true,"jetpack_shortlink":"https:\/\/wp.me\/P9I03o-x","jetpack-related-posts":[{"id":307,"url":"https:\/\/viestiupseeriyhdistys.fi\/index.php\/etusivu\/tuotteet\/","url_meta":{"origin":33,"position":0},"title":"Tuotteet","author":"Harri Reini","date":"14.9.2017","format":false,"excerpt":"TUOTTEIDEN TILAUS T\u00e4lt\u00e4 sivulta voit tilata Viestiupseeriyhdistyksen tarjoamia tuotteita. Alla l\u00f6ytyvien tuotteiden lis\u00e4ksi Viestiupseeriyhdistys julkaisee nelj\u00e4 kertaa vuodessa ilmestyv\u00e4\u00e4 Viestimies-lehte\u00e4, joka on my\u00f6s mahdollista tilata. Viestimies-lehden voi tilata joka m\u00e4\u00e4r\u00e4aikaisena (1 vuosi) tai jatkuvana tilauksena. Tuotteiden mukana l\u00e4hetet\u00e4\u00e4n maksamisen perusteet . Kyberajan viestitaktiikka Viestiupseeriyhdistys ry:n julkaisu \"Kyberajan viestitaktiikka\" on julkaistu\u2026","rel":"","context":"Samankaltainen artikkeli","block_context":{"text":"Samankaltainen artikkeli","link":""},"img":{"alt_text":"","src":"","width":0,"height":0},"classes":[]},{"id":177,"url":"https:\/\/viestiupseeriyhdistys.fi\/index.php\/yhteystietoja\/","url_meta":{"origin":33,"position":1},"title":"Yhteystiedot","author":"Harri Reini","date":"6.9.2017","format":false,"excerpt":"Yhdistyksen toimihenkil\u00f6t Puheenjohtaja: Pertti Hyv\u00e4rinen gsm 0400 377 359, puheenjohtaja(at)viestiupseeriyhdistys.fi Toiminnanjohtaja: Harri Reini gsm 040 514 2497,\u00a0\u00a0 toiminnanjohtaja(at)viestiupseeriyhdistys.fi Telian kerho Puheenjohtaja: Anssi Siljander gsm 040 302 6128, anssi-pekka.siljander(at)teliacompany.com Sihteeri: Jari-Matti Finnberg gsm 040 302 5787, jari-matti.finnberg(at)teliacompany.com Viestimies-lehden toimitus P\u00e4\u00e4toimittaja: majuri Kimmo Kaipainen gsm 040 722 2646, viestimies(at)viestiupseeriyhdistys.fi Toimitussihteeri: insin\u00f6\u00f6ri AMK\u2026","rel":"","context":"Samankaltainen artikkeli","block_context":{"text":"Samankaltainen artikkeli","link":""},"img":{"alt_text":"","src":"","width":0,"height":0},"classes":[]},{"id":336,"url":"https:\/\/viestiupseeriyhdistys.fi\/index.php\/viestimies-lehti\/mediakortti\/","url_meta":{"origin":33,"position":2},"title":"Mediakortti","author":"Harri Reini","date":"15.9.2017","format":false,"excerpt":"Mediakortti 2026","rel":"","context":"Samankaltainen artikkeli","block_context":{"text":"Samankaltainen artikkeli","link":""},"img":{"alt_text":"","src":"https:\/\/i0.wp.com\/viestiupseeriyhdistys.fi\/wp-content\/uploads\/2026\/01\/mediakortti_2026-1.jpg?resize=350%2C200&ssl=1","width":350,"height":200,"srcset":"https:\/\/i0.wp.com\/viestiupseeriyhdistys.fi\/wp-content\/uploads\/2026\/01\/mediakortti_2026-1.jpg?resize=350%2C200&ssl=1 1x, https:\/\/i0.wp.com\/viestiupseeriyhdistys.fi\/wp-content\/uploads\/2026\/01\/mediakortti_2026-1.jpg?resize=525%2C300&ssl=1 1.5x"},"classes":[]},{"id":563427,"url":"https:\/\/viestiupseeriyhdistys.fi\/index.php\/viestimies-lehden-digiversio\/","url_meta":{"origin":33,"position":3},"title":"Viestimies-lehden digiversio","author":"Harri Reini","date":"23.3.2024","format":false,"excerpt":"","rel":"","context":"Samankaltainen artikkeli","block_context":{"text":"Samankaltainen artikkeli","link":""},"img":{"alt_text":"","src":"","width":0,"height":0},"classes":[]},{"id":281,"url":"https:\/\/viestiupseeriyhdistys.fi\/index.php\/etusivu\/viestiupseeriyhdistyksen-historiaa\/","url_meta":{"origin":33,"position":4},"title":"Viestiupseeriyhdistyksen historiaa","author":"Harri Reini","date":"12.9.2017","format":false,"excerpt":"Viestiupseereiden keskuudessa virisi jo sotien aikana tarve perustaa oma yhteenliittym\u00e4. Sotien j\u00e4lkeen talvella 1945 tutkittiin Viipurissa olleen Viestirykmentin upseerikerhon omaisuuden uudelleensijoittamista. Omaisuus p\u00e4\u00e4tettiin koota viestiupseereiden yhteist\u00e4 kerhoa varten Riihim\u00e4elle. Tuon ajan hengen mukaisesti kaikki v\u00e4h\u00e4nkin sotilaalliset yhdistykset ja seurat pyrittiin lakkauttamaan. Viestiupseereiden yhteenliittymist\u00e4 perusteltiinkin paikallisen upseerikerhon toimintana. Toiminnan aloittaminen Viestiupseerikerho\u2026","rel":"","context":"Samankaltainen artikkeli","block_context":{"text":"Samankaltainen artikkeli","link":""},"img":{"alt_text":"Paraati Viestirykmentiss\u00e4","src":"https:\/\/i0.wp.com\/www.viestiupseeriyhdistys.fi\/esittely\/kuvat\/ruokailu.jpg?resize=350%2C200","width":350,"height":200},"classes":[]},{"id":35,"url":"https:\/\/viestiupseeriyhdistys.fi\/index.php\/jaseneksi\/","url_meta":{"origin":33,"position":5},"title":"J\u00e4senyys","author":"Harri Reini","date":"26.6.2017","format":false,"excerpt":"Viestiupseeriyhdistys on viesti-, johtamisj\u00e4rjestelm\u00e4- ja s\u00e4hk\u00f6isen viestinn\u00e4n alalla toimivien ja toimineiden henkil\u00f6iden yhteinen maanpuolustusj\u00e4rjest\u00f6. Yhdistyksemme j\u00e4senyys ei edellyt\u00e4 suoritettua varusmiespalvelusta. J\u00e4seni\u00e4 yhdistyksess\u00e4mme on muun muassa Puolustusvoimista, teleyrityksist\u00e4 ja tietoturvayrityksist\u00e4 sek\u00e4 akateemisesta maailmasta. Yhdistyksen j\u00e4seneksi p\u00e4\u00e4set t\u00e4ytt\u00e4m\u00e4ll\u00e4 anomuksen, jonka yhdistyksen hallitus kokoontuessaan hyv\u00e4ksyy. Antamiasi tietoja k\u00e4ytet\u00e4\u00e4n nykyisten tietosuojas\u00e4\u00e4nn\u00f6sten mukaisesti vain j\u00e4senyyden\u2026","rel":"","context":"Samankaltainen artikkeli","block_context":{"text":"Samankaltainen artikkeli","link":""},"img":{"alt_text":"","src":"","width":0,"height":0},"classes":[]}],"_links":{"self":[{"href":"https:\/\/viestiupseeriyhdistys.fi\/index.php\/wp-json\/wp\/v2\/pages\/33","targetHints":{"allow":["GET"]}}],"collection":[{"href":"https:\/\/viestiupseeriyhdistys.fi\/index.php\/wp-json\/wp\/v2\/pages"}],"about":[{"href":"https:\/\/viestiupseeriyhdistys.fi\/index.php\/wp-json\/wp\/v2\/types\/page"}],"author":[{"embeddable":true,"href":"https:\/\/viestiupseeriyhdistys.fi\/index.php\/wp-json\/wp\/v2\/users\/3"}],"replies":[{"embeddable":true,"href":"https:\/\/viestiupseeriyhdistys.fi\/index.php\/wp-json\/wp\/v2\/comments?post=33"}],"version-history":[{"count":40,"href":"https:\/\/viestiupseeriyhdistys.fi\/index.php\/wp-json\/wp\/v2\/pages\/33\/revisions"}],"predecessor-version":[{"id":636760,"href":"https:\/\/viestiupseeriyhdistys.fi\/index.php\/wp-json\/wp\/v2\/pages\/33\/revisions\/636760"}],"wp:attachment":[{"href":"https:\/\/viestiupseeriyhdistys.fi\/index.php\/wp-json\/wp\/v2\/media?parent=33"}],"curies":[{"name":"wp","href":"https:\/\/api.w.org\/{rel}","templated":true}]}}