{"id":324,"date":"2017-09-14T12:57:24","date_gmt":"2017-09-14T12:57:24","guid":{"rendered":"http:\/\/viestiupseeriyhdistys.online.fi\/?page_id=324"},"modified":"2025-09-23T13:34:22","modified_gmt":"2025-09-23T10:34:22","slug":"jasenhakemuslomake-vsky","status":"publish","type":"page","link":"https:\/\/viestiupseeriyhdistys.fi\/index.php\/maanpuolustuksen-viestisaatio-sr-ja-viestisaation-kannatusyhdistys-ry\/jasenhakemuslomake-vsky\/","title":{"rendered":"J\u00e4senhakemuslomake VSKY ry"},"content":{"rendered":"\n<p>Viestis\u00e4\u00e4ti\u00f6n Kannatusyhdistyksen j\u00e4senhakemus<\/p>\n\n\n\n<div class=\"wpcf7 no-js\" id=\"wpcf7-f636037-o1\" lang=\"fi\" dir=\"ltr\" data-wpcf7-id=\"636037\">\n<div class=\"screen-reader-response\"><p role=\"status\" aria-live=\"polite\" aria-atomic=\"true\"><\/p> <ul><\/ul><\/div>\n<form action=\"\/index.php\/wp-json\/wp\/v2\/pages\/324#wpcf7-f636037-o1\" method=\"post\" class=\"wpcf7-form init\" aria-label=\"Yhteydenottolomake\" novalidate=\"novalidate\" data-status=\"init\">\n<fieldset class=\"hidden-fields-container\"><input type=\"hidden\" name=\"_wpcf7\" value=\"636037\" \/><input type=\"hidden\" name=\"_wpcf7_version\" value=\"6.1.5\" \/><input type=\"hidden\" name=\"_wpcf7_locale\" value=\"fi\" \/><input type=\"hidden\" name=\"_wpcf7_unit_tag\" value=\"wpcf7-f636037-o1\" \/><input type=\"hidden\" name=\"_wpcf7_container_post\" value=\"0\" \/><input type=\"hidden\" name=\"_wpcf7_posted_data_hash\" value=\"\" \/><input type=\"hidden\" name=\"_wpcf7_recaptcha_response\" value=\"\" \/>\n<\/fieldset>\n<p><span class=\"wpcf7-form-control-wrap\" data-name=\"surname\"><input size=\"40\" maxlength=\"400\" class=\"wpcf7-form-control wpcf7-text wpcf7-validates-as-required\" aria-required=\"true\" aria-invalid=\"false\" placeholder=\"Sukunimi\/yhdistys\/yritys\" value=\"\" type=\"text\" name=\"surname\" \/><\/span><br \/>\n<span class=\"wpcf7-form-control-wrap\" data-name=\"first-names\"><input size=\"40\" maxlength=\"400\" class=\"wpcf7-form-control wpcf7-text\" aria-invalid=\"false\" placeholder=\"Etunimet\" value=\"\" type=\"text\" name=\"first-names\" \/><\/span><br \/>\n<span class=\"wpcf7-form-control-wrap\" data-name=\"postal-address\"><input size=\"40\" maxlength=\"400\" class=\"wpcf7-form-control wpcf7-text wpcf7-validates-as-required\" aria-required=\"true\" aria-invalid=\"false\" placeholder=\"Postiosoite\" value=\"\" type=\"text\" name=\"postal-address\" \/><\/span><br \/>\n<span class=\"wpcf7-form-control-wrap\" data-name=\"your-email\"><input size=\"40\" maxlength=\"400\" class=\"wpcf7-form-control wpcf7-email wpcf7-validates-as-required wpcf7-text wpcf7-validates-as-email\" aria-required=\"true\" aria-invalid=\"false\" placeholder=\"S\u00e4hk\u00f6postiosoite\" value=\"\" type=\"email\" name=\"your-email\" \/><\/span><br \/>\n<span class=\"wpcf7-form-control-wrap\" data-name=\"phone\"><input size=\"40\" maxlength=\"400\" class=\"wpcf7-form-control wpcf7-tel wpcf7-text wpcf7-validates-as-tel\" aria-invalid=\"false\" placeholder=\"Puhelinnumero\" value=\"\" type=\"tel\" name=\"phone\" \/><\/span><br \/>\n<span class=\"wpcf7-form-control-wrap\" data-name=\"membership-type\"><span class=\"wpcf7-form-control wpcf7-checkbox wpcf7-validates-as-required\"><span class=\"wpcf7-list-item first\"><input type=\"checkbox\" name=\"membership-type[]\" value=\"Kannatusj\u00e4sen\" \/><span class=\"wpcf7-list-item-label\">Kannatusj\u00e4sen<\/span><\/span><span class=\"wpcf7-list-item\"><input type=\"checkbox\" name=\"membership-type[]\" value=\"Aatteellinen yhdistys\" \/><span class=\"wpcf7-list-item-label\">Aatteellinen yhdistys<\/span><\/span><span class=\"wpcf7-list-item last\"><input type=\"checkbox\" name=\"membership-type[]\" value=\"Yritys\" \/><span class=\"wpcf7-list-item-label\">Yritys<\/span><\/span><\/span><\/span><br \/>\n<span class=\"wpcf7-form-control-wrap\" data-name=\"additional-info\"><textarea cols=\"40\" rows=\"10\" maxlength=\"2000\" class=\"wpcf7-form-control wpcf7-textarea\" aria-invalid=\"false\" placeholder=\"Lis\u00e4tiedot (yrityksilt\u00e4 ja yhteis\u00f6ilt\u00e4 yhdyshenkil\u00f6n nimi, s\u00e4hk\u00f6postiosoite ja puhelinnumero)\" name=\"additional-info\"><\/textarea><\/span><br \/>\n<input class=\"wpcf7-form-control wpcf7-submit has-spinner\" type=\"submit\" value=\"L\u00e4het\u00e4 hakemus\" \/>\n<\/p><div class=\"wpcf7-response-output\" aria-hidden=\"true\"><\/div>\n<\/form>\n<\/div>\n\n\n\n\n<p>Yhdistyksen j\u00e4seneksi voi p\u00e4\u00e4st\u00e4 Suomen kansalainen tai Suomessa rekister\u00f6ity oikeuskelpoinen yhteis\u00f6, jonka yhdistyksen hallitus hyv\u00e4ksyy hallitukselle tehdyn ilmoituksen perusteella.<\/p>\n","protected":false},"excerpt":{"rendered":"<p>Viestis\u00e4\u00e4ti\u00f6n Kannatusyhdistyksen j\u00e4senhakemus Yhdistyksen j\u00e4seneksi voi p\u00e4\u00e4st\u00e4 Suomen kansalainen tai Suomessa rekister\u00f6ity oikeuskelpoinen yhteis\u00f6, jonka yhdistyksen hallitus hyv\u00e4ksyy hallitukselle tehdyn ilmoituksen perusteella.<\/p>\n","protected":false},"author":3,"featured_media":0,"parent":53,"menu_order":0,"comment_status":"closed","ping_status":"closed","template":"","meta":{"_acf_changed":false,"footnotes":""},"class_list":["post-324","page","type-page","status-publish","hentry","post"],"acf":[],"jetpack_sharing_enabled":true,"jetpack_shortlink":"https:\/\/wp.me\/P9I03o-5e","jetpack-related-posts":[{"id":53,"url":"https:\/\/viestiupseeriyhdistys.fi\/index.php\/maanpuolustuksen-viestisaatio-sr-ja-viestisaation-kannatusyhdistys-ry\/","url_meta":{"origin":324,"position":0},"title":"MPVS sr ja VSKY ry","author":"Harri Reini","date":"27.6.2017","format":false,"excerpt":"Maanpuolustuksen Viestis\u00e4\u00e4ti\u00f6 sr Maanpuolustuksen Viestis\u00e4\u00e4ti\u00f6n (MPVS) tarkoituksena on kehitt\u00e4\u00e4 viesti-, tietotekniikka- ja tietoliikennealan maanpuolustusvalmiutta Suomessa tukemalla sit\u00e4 edist\u00e4vi\u00e4 opintoja, tutkimus- ja julkaisutoimintaa sek\u00e4 perinnety\u00f6t\u00e4. Viestitoiminnan kehitt\u00e4miseksi Maanpuolustuksen Viestis\u00e4\u00e4ti\u00f6 jakaa apurahoja sek\u00e4 varttuneille tutkijoille ett\u00e4 opiskelijoille. Rahoituksella on tarkoitus kannustaa maanpuolustuksen ja viestialan teknisen kehityksen tutkimusta ja seurantaa. T\u00e4rke\u00e4 tukimuoto on\u2026","rel":"","context":"Samankaltainen artikkeli","block_context":{"text":"Samankaltainen artikkeli","link":""},"img":{"alt_text":"","src":"","width":0,"height":0},"classes":[]},{"id":177,"url":"https:\/\/viestiupseeriyhdistys.fi\/index.php\/yhteystietoja\/","url_meta":{"origin":324,"position":1},"title":"Yhteystiedot","author":"Harri Reini","date":"6.9.2017","format":false,"excerpt":"Yhdistyksen toimihenkil\u00f6t Puheenjohtaja: Pertti Hyv\u00e4rinen gsm 0400 377 359, puheenjohtaja(at)viestiupseeriyhdistys.fi Toiminnanjohtaja: Harri Reini gsm 040 514 2497,\u00a0\u00a0 toiminnanjohtaja(at)viestiupseeriyhdistys.fi Telian kerho Puheenjohtaja: Anssi Siljander gsm 040 302 6128, anssi-pekka.siljander(at)teliacompany.com Sihteeri: Jari-Matti Finnberg gsm 040 302 5787, jari-matti.finnberg(at)teliacompany.com Viestimies-lehden toimitus P\u00e4\u00e4toimittaja: majuri Kimmo Kaipainen gsm 040 722 2646, viestimies(at)viestiupseeriyhdistys.fi Toimitussihteeri: insin\u00f6\u00f6ri AMK\u2026","rel":"","context":"Samankaltainen artikkeli","block_context":{"text":"Samankaltainen artikkeli","link":""},"img":{"alt_text":"","src":"","width":0,"height":0},"classes":[]},{"id":115,"url":"https:\/\/viestiupseeriyhdistys.fi\/index.php\/etusivu\/viestiupseeriyhdistyksen-saannot\/","url_meta":{"origin":324,"position":2},"title":"Viestiupseeriyhdistyksen s\u00e4\u00e4nn\u00f6t","author":"Harri Reini","date":"31.8.2017","format":false,"excerpt":"Voimassaolevat s\u00e4\u00e4nn\u00f6t hyv\u00e4ksytty PRH:ssa.\u00a0Voimassaolon alku: 05.11.2024 10:26:08\u00a01 \u00a7 NIMI JA KOTIPAIKKAYhdistyksen nimi on Viestiupseeriyhdistys ry. Kotipaikka on Helsingin kaupunki ja yhdistys toimii koko valtakunnan alueella.2 \u00a7 TOIMINNAN TARKOITUSYhdistyksen toiminnan tarkoituksena on edist\u00e4\u00e4 kokonaismaanpuolustusty\u00f6t\u00e4, vahvistaa kansalaisten maanpuolustustahtoa, vahvistaa toimialan henkil\u00f6st\u00f6n keskin\u00e4ist\u00e4 tuntemista ja luottamusta, edesauttaa j\u00e4senist\u00f6n ammattitaidon kehittymist\u00e4 sek\u00e4 vaalia toimialanperinteit\u00e4.N\u00e4iss\u00e4\u2026","rel":"","context":"Samankaltainen artikkeli","block_context":{"text":"Samankaltainen artikkeli","link":""},"img":{"alt_text":"","src":"","width":0,"height":0},"classes":[]},{"id":281,"url":"https:\/\/viestiupseeriyhdistys.fi\/index.php\/etusivu\/viestiupseeriyhdistyksen-historiaa\/","url_meta":{"origin":324,"position":3},"title":"Viestiupseeriyhdistyksen historiaa","author":"Harri Reini","date":"12.9.2017","format":false,"excerpt":"Viestiupseereiden keskuudessa virisi jo sotien aikana tarve perustaa oma yhteenliittym\u00e4. Sotien j\u00e4lkeen talvella 1945 tutkittiin Viipurissa olleen Viestirykmentin upseerikerhon omaisuuden uudelleensijoittamista. Omaisuus p\u00e4\u00e4tettiin koota viestiupseereiden yhteist\u00e4 kerhoa varten Riihim\u00e4elle. Tuon ajan hengen mukaisesti kaikki v\u00e4h\u00e4nkin sotilaalliset yhdistykset ja seurat pyrittiin lakkauttamaan. Viestiupseereiden yhteenliittymist\u00e4 perusteltiinkin paikallisen upseerikerhon toimintana. Toiminnan aloittaminen Viestiupseerikerho\u2026","rel":"","context":"Samankaltainen artikkeli","block_context":{"text":"Samankaltainen artikkeli","link":""},"img":{"alt_text":"Paraati Viestirykmentiss\u00e4","src":"https:\/\/i0.wp.com\/www.viestiupseeriyhdistys.fi\/esittely\/kuvat\/ruokailu.jpg?resize=350%2C200","width":350,"height":200},"classes":[]},{"id":35,"url":"https:\/\/viestiupseeriyhdistys.fi\/index.php\/jaseneksi\/","url_meta":{"origin":324,"position":4},"title":"J\u00e4senyys","author":"Harri Reini","date":"26.6.2017","format":false,"excerpt":"Viestiupseeriyhdistys on viesti-, johtamisj\u00e4rjestelm\u00e4- ja s\u00e4hk\u00f6isen viestinn\u00e4n alalla toimivien ja toimineiden henkil\u00f6iden yhteinen maanpuolustusj\u00e4rjest\u00f6. Yhdistyksemme j\u00e4senyys ei edellyt\u00e4 suoritettua varusmiespalvelusta. J\u00e4seni\u00e4 yhdistyksess\u00e4mme on muun muassa Puolustusvoimista, teleyrityksist\u00e4 ja tietoturvayrityksist\u00e4 sek\u00e4 akateemisesta maailmasta. Yhdistyksen j\u00e4seneksi p\u00e4\u00e4set t\u00e4ytt\u00e4m\u00e4ll\u00e4 anomuksen, jonka yhdistyksen hallitus kokoontuessaan hyv\u00e4ksyy. Antamiasi tietoja k\u00e4ytet\u00e4\u00e4n nykyisten tietosuojas\u00e4\u00e4nn\u00f6sten mukaisesti vain j\u00e4senyyden\u2026","rel":"","context":"Samankaltainen artikkeli","block_context":{"text":"Samankaltainen artikkeli","link":""},"img":{"alt_text":"","src":"","width":0,"height":0},"classes":[]},{"id":99,"url":"https:\/\/viestiupseeriyhdistys.fi\/index.php\/etusivu\/","url_meta":{"origin":324,"position":5},"title":"Viestiupseeriyhdistys ry","author":"Harri Reini","date":"23.8.2017","format":false,"excerpt":"Viestiupseeriyhdistys on viesti- ja johtamisj\u00e4rjestelm\u00e4alan sek\u00e4 s\u00e4hk\u00f6isen viestialan teht\u00e4viss\u00e4 toimivien ja toimineiden henkil\u00f6iden yhteinen maanpuolustusj\u00e4rjest\u00f6. Yhdistyksen tarkoituksena on edist\u00e4\u00e4 maanpuolustusty\u00f6t\u00e4 ja kansalaisten maanpuolustustahtoa yhdist\u00e4m\u00e4ll\u00e4 viesti- ja johtamisj\u00e4rjestelm\u00e4alalla sek\u00e4 s\u00e4hk\u00f6isen viestialan teht\u00e4viss\u00e4 toimivia ja toimineita henkil\u00f6it\u00e4. Yhdistys edesauttaa j\u00e4seni\u00e4 tuntemaan toisensa, kehitt\u00e4\u00e4 j\u00e4senist\u00f6ns\u00e4 ammattitaitoa sek\u00e4 vaalii viestialan perinteit\u00e4 sek\u00e4 yll\u00e4pit\u00e4\u00e4 ja\u2026","rel":"","context":"Samankaltainen artikkeli","block_context":{"text":"Samankaltainen artikkeli","link":""},"img":{"alt_text":"","src":"","width":0,"height":0},"classes":[]}],"_links":{"self":[{"href":"https:\/\/viestiupseeriyhdistys.fi\/index.php\/wp-json\/wp\/v2\/pages\/324","targetHints":{"allow":["GET"]}}],"collection":[{"href":"https:\/\/viestiupseeriyhdistys.fi\/index.php\/wp-json\/wp\/v2\/pages"}],"about":[{"href":"https:\/\/viestiupseeriyhdistys.fi\/index.php\/wp-json\/wp\/v2\/types\/page"}],"author":[{"embeddable":true,"href":"https:\/\/viestiupseeriyhdistys.fi\/index.php\/wp-json\/wp\/v2\/users\/3"}],"replies":[{"embeddable":true,"href":"https:\/\/viestiupseeriyhdistys.fi\/index.php\/wp-json\/wp\/v2\/comments?post=324"}],"version-history":[{"count":12,"href":"https:\/\/viestiupseeriyhdistys.fi\/index.php\/wp-json\/wp\/v2\/pages\/324\/revisions"}],"predecessor-version":[{"id":636039,"href":"https:\/\/viestiupseeriyhdistys.fi\/index.php\/wp-json\/wp\/v2\/pages\/324\/revisions\/636039"}],"up":[{"embeddable":true,"href":"https:\/\/viestiupseeriyhdistys.fi\/index.php\/wp-json\/wp\/v2\/pages\/53"}],"wp:attachment":[{"href":"https:\/\/viestiupseeriyhdistys.fi\/index.php\/wp-json\/wp\/v2\/media?parent=324"}],"curies":[{"name":"wp","href":"https:\/\/api.w.org\/{rel}","templated":true}]}}