{"id":307,"date":"2017-09-14T10:06:04","date_gmt":"2017-09-14T10:06:04","guid":{"rendered":"http:\/\/viestiupseeriyhdistys.online.fi\/?page_id=307"},"modified":"2025-09-23T13:26:32","modified_gmt":"2025-09-23T10:26:32","slug":"tuotteet","status":"publish","type":"page","link":"https:\/\/viestiupseeriyhdistys.fi\/index.php\/etusivu\/tuotteet\/","title":{"rendered":"Tuotteet"},"content":{"rendered":"<h4>TUOTTEIDEN TILAUS<\/h4>\n<p>T\u00e4lt\u00e4 sivulta voit tilata Viestiupseeriyhdistyksen tarjoamia tuotteita. Alla l\u00f6ytyvien tuotteiden lis\u00e4ksi Viestiupseeriyhdistys julkaisee nelj\u00e4 kertaa vuodessa ilmestyv\u00e4\u00e4 Viestimies-lehte\u00e4, joka on my\u00f6s mahdollista tilata. Viestimies-lehden voi tilata joka m\u00e4\u00e4r\u00e4aikaisena (1 vuosi) tai jatkuvana tilauksena. Tuotteiden mukana l\u00e4hetet\u00e4\u00e4n maksamisen perusteet .<\/p>\n<h4>Kyberajan viestitaktiikka<\/h4>\n<p>Viestiupseeriyhdistys ry:n julkaisu &#8221;Kyberajan viestitaktiikka&#8221; on julkaistu 22.9.2018.\u00a0Sen saat omaksesi hintaan 20e + posti- ja k\u00e4sittelykulut 9e tilaamalla sen alla olevan lomakkeen kautta.<\/p>\n\n<div class=\"wpcf7 no-js\" id=\"wpcf7-f636029-o1\" lang=\"fi\" dir=\"ltr\" data-wpcf7-id=\"636029\">\n<div class=\"screen-reader-response\"><p role=\"status\" aria-live=\"polite\" aria-atomic=\"true\"><\/p> <ul><\/ul><\/div>\n<form action=\"\/index.php\/wp-json\/wp\/v2\/pages\/307#wpcf7-f636029-o1\" method=\"post\" class=\"wpcf7-form init\" aria-label=\"Yhteydenottolomake\" novalidate=\"novalidate\" data-status=\"init\">\n<fieldset class=\"hidden-fields-container\"><input type=\"hidden\" name=\"_wpcf7\" value=\"636029\" \/><input type=\"hidden\" name=\"_wpcf7_version\" value=\"6.1.5\" \/><input type=\"hidden\" name=\"_wpcf7_locale\" value=\"fi\" \/><input type=\"hidden\" name=\"_wpcf7_unit_tag\" value=\"wpcf7-f636029-o1\" \/><input type=\"hidden\" name=\"_wpcf7_container_post\" value=\"0\" \/><input type=\"hidden\" name=\"_wpcf7_posted_data_hash\" value=\"\" \/><input type=\"hidden\" name=\"_wpcf7_recaptcha_response\" value=\"\" \/>\n<\/fieldset>\n<p><span class=\"wpcf7-form-control-wrap\" data-name=\"your-name\"><input size=\"40\" maxlength=\"400\" class=\"wpcf7-form-control wpcf7-text wpcf7-validates-as-required\" aria-required=\"true\" aria-invalid=\"false\" placeholder=\"Nimi\" value=\"\" type=\"text\" name=\"your-name\" \/><\/span><br \/>\n<span class=\"wpcf7-form-control-wrap\" data-name=\"your-email\"><input size=\"40\" maxlength=\"400\" class=\"wpcf7-form-control wpcf7-email wpcf7-validates-as-required wpcf7-text wpcf7-validates-as-email\" aria-required=\"true\" aria-invalid=\"false\" placeholder=\"S\u00e4hk\u00f6postiosoite\" value=\"\" type=\"email\" name=\"your-email\" \/><\/span><br \/>\n<span class=\"wpcf7-form-control-wrap\" data-name=\"your-address\"><textarea cols=\"40\" rows=\"10\" maxlength=\"2000\" class=\"wpcf7-form-control wpcf7-textarea wpcf7-validates-as-required\" aria-required=\"true\" aria-invalid=\"false\" placeholder=\"Toimitusosoite\" name=\"your-address\"><\/textarea><\/span><br \/>\n<span class=\"wpcf7-form-control-wrap\" data-name=\"your-phone\"><input size=\"40\" maxlength=\"400\" class=\"wpcf7-form-control wpcf7-tel wpcf7-text wpcf7-validates-as-tel\" aria-invalid=\"false\" placeholder=\"Puhelinnumero\" value=\"\" type=\"tel\" name=\"your-phone\" \/><\/span><br \/>\n<input class=\"wpcf7-form-control wpcf7-submit has-spinner\" type=\"submit\" value=\"L\u00e4het\u00e4\" \/>\n<\/p><div class=\"wpcf7-response-output\" aria-hidden=\"true\"><\/div>\n<\/form>\n<\/div>\n\n<h4>Viestimies-kirja<\/h4>\n<p>Viestimies-kirjan ensimm\u00e4inen painos ilmestyi vuonna 1955, joten kirjaa on nyt toimitettu yli 60 vuoden ajan. T\u00e4h\u00e4n menness\u00e4 kirjoja on painettu yhteens\u00e4 yli 115 000 kappaletta.<br \/>\nNyt myynniss\u00e4 oleva kirja on 19.painos ja se on ilmestynyt vuonna 2011.<\/p>\n<p>Viestimies-kirja on tarkoitettu ennen kaikkea viesti- ja johtamisj\u00e4rjestelmien parissa palveleville varusmiehille ja reservil\u00e4isille, mutta se soveltuu my\u00f6s erinomaiseksi tietol\u00e4hteeksi kaikille tekniikasta sek\u00e4 viesti- ja johtamisj\u00e4rjestelmist\u00e4 kiinnostuneille henkil\u00f6ille.<\/p>\n<p>Pehme\u00e4kantinen Viestimies 2011 -kirja maksaa 8,00\u20ac\/kpl\u00a0 ja Viestimies 2011 -kirja kovakantisena juhlaversiona 15\u20ac\/kpl + postitus- ja k\u00e4sittelykulut 5\u20ac<\/p>\n\n<div class=\"wpcf7 no-js\" id=\"wpcf7-f636030-o2\" lang=\"fi\" dir=\"ltr\" data-wpcf7-id=\"636030\">\n<div class=\"screen-reader-response\"><p role=\"status\" aria-live=\"polite\" aria-atomic=\"true\"><\/p> <ul><\/ul><\/div>\n<form action=\"\/index.php\/wp-json\/wp\/v2\/pages\/307#wpcf7-f636030-o2\" method=\"post\" class=\"wpcf7-form init\" aria-label=\"Yhteydenottolomake\" novalidate=\"novalidate\" data-status=\"init\">\n<fieldset class=\"hidden-fields-container\"><input type=\"hidden\" name=\"_wpcf7\" value=\"636030\" \/><input type=\"hidden\" name=\"_wpcf7_version\" value=\"6.1.5\" \/><input type=\"hidden\" name=\"_wpcf7_locale\" value=\"fi\" \/><input type=\"hidden\" name=\"_wpcf7_unit_tag\" value=\"wpcf7-f636030-o2\" \/><input type=\"hidden\" name=\"_wpcf7_container_post\" value=\"0\" \/><input type=\"hidden\" name=\"_wpcf7_posted_data_hash\" value=\"\" \/><input type=\"hidden\" name=\"_wpcf7_recaptcha_response\" value=\"\" \/>\n<\/fieldset>\n<p><span class=\"wpcf7-form-control-wrap\" data-name=\"your-name\"><input size=\"40\" maxlength=\"400\" class=\"wpcf7-form-control wpcf7-text wpcf7-validates-as-required\" aria-required=\"true\" aria-invalid=\"false\" placeholder=\"Nimi\" value=\"\" type=\"text\" name=\"your-name\" \/><\/span><br \/>\n<span class=\"wpcf7-form-control-wrap\" data-name=\"your-email\"><input size=\"40\" maxlength=\"400\" class=\"wpcf7-form-control wpcf7-email wpcf7-validates-as-required wpcf7-text wpcf7-validates-as-email\" aria-required=\"true\" aria-invalid=\"false\" placeholder=\"S\u00e4hk\u00f6postiosoite\" value=\"\" type=\"email\" name=\"your-email\" \/><\/span><br \/>\n<span class=\"wpcf7-form-control-wrap\" data-name=\"your-address\"><textarea cols=\"40\" rows=\"10\" maxlength=\"2000\" class=\"wpcf7-form-control wpcf7-textarea wpcf7-validates-as-required\" aria-required=\"true\" aria-invalid=\"false\" placeholder=\"Postiosoite\" name=\"your-address\"><\/textarea><\/span><br \/>\n<span class=\"wpcf7-form-control-wrap\" data-name=\"book-type\"><span class=\"wpcf7-form-control wpcf7-checkbox wpcf7-validates-as-required\"><span class=\"wpcf7-list-item first\"><input type=\"checkbox\" name=\"book-type[]\" value=\"Viestimies2011-kirja \u00e1 8.00 euroa\/kpl\" \/><span class=\"wpcf7-list-item-label\">Viestimies2011-kirja \u00e1 8.00 euroa\/kpl<\/span><\/span><span class=\"wpcf7-list-item last\"><input type=\"checkbox\" name=\"book-type[]\" value=\"Viestimies2011-kirja kovakantisena \u00e1 15.00 euroa\/kappale\" \/><span class=\"wpcf7-list-item-label\">Viestimies2011-kirja kovakantisena \u00e1 15.00 euroa\/kappale<\/span><\/span><\/span><\/span><br \/>\n<span class=\"wpcf7-form-control-wrap\" data-name=\"quantity\"><input class=\"wpcf7-form-control wpcf7-number wpcf7-validates-as-required wpcf7-validates-as-number\" min=\"1\" aria-required=\"true\" aria-invalid=\"false\" placeholder=\"Kappalem\u00e4\u00e4r\u00e4\" value=\"\" type=\"number\" name=\"quantity\" \/><\/span><br \/>\n<span class=\"wpcf7-form-control-wrap\" data-name=\"your-phone\"><input size=\"40\" maxlength=\"400\" class=\"wpcf7-form-control wpcf7-tel wpcf7-text wpcf7-validates-as-tel\" aria-invalid=\"false\" placeholder=\"Puhelinnumero\" value=\"\" type=\"tel\" name=\"your-phone\" \/><\/span><br \/>\n<input class=\"wpcf7-form-control wpcf7-submit has-spinner\" type=\"submit\" value=\"L\u00e4het\u00e4 tilaus\" \/>\n<\/p><div class=\"wpcf7-response-output\" aria-hidden=\"true\"><\/div>\n<\/form>\n<\/div>\n\n<h4>Viestimies-lehti<\/h4>\n<p>Viestimies-lehti on Viestiupseeriyhdistys ry:n julkaisu, jonka teht\u00e4v\u00e4n\u00e4 on<\/p>\n<ul>\n<li>Edist\u00e4\u00e4 j\u00e4senist\u00f6n maanpuolustustietoutta viesti- ja johtamisj\u00e4rjestelm\u00e4alalla<\/li>\n<li>Tiedottaa alan koulutuksen, tekniikan, organisaatioiden ja muun toiminnan kehityksest\u00e4 sek\u00e4<\/li>\n<li>Toimia Viestiupseeriyhdistys ry:n tiedotusjulkaisuna.<\/li>\n<\/ul>\n<p>Viestimies-lehti on ilmestynyt vuodesta 1946 alkaen nelj\u00e4 kertaa vuodessa. Lehti l\u00e4hetet\u00e4\u00e4n j\u00e4senetuna kaikille Viestiupseeriyhdistys ry:n j\u00e4senille.<\/p>\n<p>Lehden voi my\u00f6s tilata erikseen 35 euron vuosihintaan t\u00e4ytt\u00e4m\u00e4ll\u00e4 alla olevan tilauslomakkeen.<\/p>\n<p><!--more--><\/p>\n\n<div class=\"wpcf7 no-js\" id=\"wpcf7-f636031-o3\" lang=\"fi\" dir=\"ltr\" data-wpcf7-id=\"636031\">\n<div class=\"screen-reader-response\"><p role=\"status\" aria-live=\"polite\" aria-atomic=\"true\"><\/p> <ul><\/ul><\/div>\n<form action=\"\/index.php\/wp-json\/wp\/v2\/pages\/307#wpcf7-f636031-o3\" method=\"post\" class=\"wpcf7-form init\" aria-label=\"Yhteydenottolomake\" novalidate=\"novalidate\" data-status=\"init\">\n<fieldset class=\"hidden-fields-container\"><input type=\"hidden\" name=\"_wpcf7\" value=\"636031\" \/><input type=\"hidden\" name=\"_wpcf7_version\" value=\"6.1.5\" \/><input type=\"hidden\" name=\"_wpcf7_locale\" value=\"fi\" \/><input type=\"hidden\" name=\"_wpcf7_unit_tag\" value=\"wpcf7-f636031-o3\" \/><input type=\"hidden\" name=\"_wpcf7_container_post\" value=\"0\" \/><input type=\"hidden\" name=\"_wpcf7_posted_data_hash\" value=\"\" \/><input type=\"hidden\" name=\"_wpcf7_recaptcha_response\" value=\"\" \/>\n<\/fieldset>\n<p><span class=\"wpcf7-form-control-wrap\" data-name=\"your-name\"><input size=\"40\" maxlength=\"400\" class=\"wpcf7-form-control wpcf7-text wpcf7-validates-as-required\" aria-required=\"true\" aria-invalid=\"false\" placeholder=\"Nimi\" value=\"\" type=\"text\" name=\"your-name\" \/><\/span><br \/>\n<span class=\"wpcf7-form-control-wrap\" data-name=\"your-address\"><textarea cols=\"40\" rows=\"10\" maxlength=\"2000\" class=\"wpcf7-form-control wpcf7-textarea wpcf7-validates-as-required\" aria-required=\"true\" aria-invalid=\"false\" placeholder=\"Postiosoite\" name=\"your-address\"><\/textarea><\/span><br \/>\n<span class=\"wpcf7-form-control-wrap\" data-name=\"your-email\"><input size=\"40\" maxlength=\"400\" class=\"wpcf7-form-control wpcf7-email wpcf7-validates-as-required wpcf7-text wpcf7-validates-as-email\" aria-required=\"true\" aria-invalid=\"false\" placeholder=\"S\u00e4hk\u00f6postiosoite\" value=\"\" type=\"email\" name=\"your-email\" \/><\/span><br \/>\n<span class=\"wpcf7-form-control-wrap\" data-name=\"your-phone\"><input size=\"40\" maxlength=\"400\" class=\"wpcf7-form-control wpcf7-tel wpcf7-text wpcf7-validates-as-tel\" aria-invalid=\"false\" placeholder=\"Puhelinnumero\" value=\"\" type=\"tel\" name=\"your-phone\" \/><\/span><br \/>\n<input class=\"wpcf7-form-control wpcf7-submit has-spinner\" type=\"submit\" value=\"Tilaa lehti\" \/>\n<\/p><div class=\"wpcf7-response-output\" aria-hidden=\"true\"><\/div>\n<\/form>\n<\/div>\n\n","protected":false},"excerpt":{"rendered":"<p>TUOTTEIDEN TILAUS T\u00e4lt\u00e4 sivulta voit tilata Viestiupseeriyhdistyksen tarjoamia tuotteita. Alla l\u00f6ytyvien tuotteiden lis\u00e4ksi Viestiupseeriyhdistys julkaisee nelj\u00e4 kertaa vuodessa ilmestyv\u00e4\u00e4 Viestimies-lehte\u00e4, joka on my\u00f6s mahdollista tilata. Viestimies-lehden voi tilata joka m\u00e4\u00e4r\u00e4aikaisena (1 vuosi) tai&#8230;<\/p>\n","protected":false},"author":3,"featured_media":0,"parent":99,"menu_order":0,"comment_status":"closed","ping_status":"closed","template":"","meta":{"_acf_changed":false,"footnotes":""},"class_list":["post-307","page","type-page","status-publish","hentry","post"],"acf":[],"jetpack_sharing_enabled":true,"jetpack_shortlink":"https:\/\/wp.me\/P9I03o-4X","jetpack-related-posts":[{"id":33,"url":"https:\/\/viestiupseeriyhdistys.fi\/index.php\/viestimies-lehti\/","url_meta":{"origin":307,"position":0},"title":"Viestimies-lehti","author":"Harri Reini","date":"26.6.2017","format":false,"excerpt":"Viestimies-lehti on Viestiupseeriyhdistys ry:n julkaisu, jonka teht\u00e4v\u00e4n\u00e4 on Edist\u00e4\u00e4 j\u00e4senist\u00f6n maanpuolustustietoutta viesti- ja johtamisj\u00e4rjestelm\u00e4alalla Tiedottaa alan koulutuksen, tekniikan, organisaatioiden ja muun toiminnan kehityksest\u00e4 sek\u00e4 Toimia Viestiupseeriyhdistys ry:n tiedotusjulkaisuna. Viestimies-lehti on ilmestynyt vuodesta 1946 alkaen nelj\u00e4 kertaa vuodessa. Lehti l\u00e4hetet\u00e4\u00e4n j\u00e4senetuna kaikille Viestiupseeriyhdistys ry:n j\u00e4senille. Lehden voi my\u00f6s tilata erikseen 35\u2026","rel":"","context":"Samankaltainen artikkeli","block_context":{"text":"Samankaltainen artikkeli","link":""},"img":{"alt_text":"","src":"","width":0,"height":0},"classes":[]},{"id":563427,"url":"https:\/\/viestiupseeriyhdistys.fi\/index.php\/viestimies-lehden-digiversio\/","url_meta":{"origin":307,"position":1},"title":"Viestimies-lehden digiversio","author":"Harri Reini","date":"23.3.2024","format":false,"excerpt":"","rel":"","context":"Samankaltainen artikkeli","block_context":{"text":"Samankaltainen artikkeli","link":""},"img":{"alt_text":"","src":"","width":0,"height":0},"classes":[]},{"id":281,"url":"https:\/\/viestiupseeriyhdistys.fi\/index.php\/etusivu\/viestiupseeriyhdistyksen-historiaa\/","url_meta":{"origin":307,"position":2},"title":"Viestiupseeriyhdistyksen historiaa","author":"Harri Reini","date":"12.9.2017","format":false,"excerpt":"Viestiupseereiden keskuudessa virisi jo sotien aikana tarve perustaa oma yhteenliittym\u00e4. Sotien j\u00e4lkeen talvella 1945 tutkittiin Viipurissa olleen Viestirykmentin upseerikerhon omaisuuden uudelleensijoittamista. Omaisuus p\u00e4\u00e4tettiin koota viestiupseereiden yhteist\u00e4 kerhoa varten Riihim\u00e4elle. Tuon ajan hengen mukaisesti kaikki v\u00e4h\u00e4nkin sotilaalliset yhdistykset ja seurat pyrittiin lakkauttamaan. Viestiupseereiden yhteenliittymist\u00e4 perusteltiinkin paikallisen upseerikerhon toimintana. Toiminnan aloittaminen Viestiupseerikerho\u2026","rel":"","context":"Samankaltainen artikkeli","block_context":{"text":"Samankaltainen artikkeli","link":""},"img":{"alt_text":"Paraati Viestirykmentiss\u00e4","src":"https:\/\/i0.wp.com\/www.viestiupseeriyhdistys.fi\/esittely\/kuvat\/ruokailu.jpg?resize=350%2C200","width":350,"height":200},"classes":[]},{"id":336,"url":"https:\/\/viestiupseeriyhdistys.fi\/index.php\/viestimies-lehti\/mediakortti\/","url_meta":{"origin":307,"position":3},"title":"Mediakortti","author":"Harri Reini","date":"15.9.2017","format":false,"excerpt":"Mediakortti 2026","rel":"","context":"Samankaltainen artikkeli","block_context":{"text":"Samankaltainen artikkeli","link":""},"img":{"alt_text":"","src":"https:\/\/i0.wp.com\/viestiupseeriyhdistys.fi\/wp-content\/uploads\/2026\/01\/mediakortti_2026-1.jpg?resize=350%2C200&ssl=1","width":350,"height":200,"srcset":"https:\/\/i0.wp.com\/viestiupseeriyhdistys.fi\/wp-content\/uploads\/2026\/01\/mediakortti_2026-1.jpg?resize=350%2C200&ssl=1 1x, https:\/\/i0.wp.com\/viestiupseeriyhdistys.fi\/wp-content\/uploads\/2026\/01\/mediakortti_2026-1.jpg?resize=525%2C300&ssl=1 1.5x"},"classes":[]},{"id":177,"url":"https:\/\/viestiupseeriyhdistys.fi\/index.php\/yhteystietoja\/","url_meta":{"origin":307,"position":4},"title":"Yhteystiedot","author":"Harri Reini","date":"6.9.2017","format":false,"excerpt":"Yhdistyksen toimihenkil\u00f6t Puheenjohtaja: Pertti Hyv\u00e4rinen gsm 0400 377 359, puheenjohtaja(at)viestiupseeriyhdistys.fi Toiminnanjohtaja: Harri Reini gsm 040 514 2497,\u00a0\u00a0 toiminnanjohtaja(at)viestiupseeriyhdistys.fi Telian kerho Puheenjohtaja: Anssi Siljander gsm 040 302 6128, anssi-pekka.siljander(at)teliacompany.com Sihteeri: Jari-Matti Finnberg gsm 040 302 5787, jari-matti.finnberg(at)teliacompany.com Viestimies-lehden toimitus P\u00e4\u00e4toimittaja: majuri Kimmo Kaipainen gsm 040 722 2646, viestimies(at)viestiupseeriyhdistys.fi Toimitussihteeri: insin\u00f6\u00f6ri AMK\u2026","rel":"","context":"Samankaltainen artikkeli","block_context":{"text":"Samankaltainen artikkeli","link":""},"img":{"alt_text":"","src":"","width":0,"height":0},"classes":[]},{"id":35,"url":"https:\/\/viestiupseeriyhdistys.fi\/index.php\/jaseneksi\/","url_meta":{"origin":307,"position":5},"title":"J\u00e4senyys","author":"Harri Reini","date":"26.6.2017","format":false,"excerpt":"Viestiupseeriyhdistys on viesti-, johtamisj\u00e4rjestelm\u00e4- ja s\u00e4hk\u00f6isen viestinn\u00e4n alalla toimivien ja toimineiden henkil\u00f6iden yhteinen maanpuolustusj\u00e4rjest\u00f6. Yhdistyksemme j\u00e4senyys ei edellyt\u00e4 suoritettua varusmiespalvelusta. J\u00e4seni\u00e4 yhdistyksess\u00e4mme on muun muassa Puolustusvoimista, teleyrityksist\u00e4 ja tietoturvayrityksist\u00e4 sek\u00e4 akateemisesta maailmasta. Yhdistyksen j\u00e4seneksi p\u00e4\u00e4set t\u00e4ytt\u00e4m\u00e4ll\u00e4 anomuksen, jonka yhdistyksen hallitus kokoontuessaan hyv\u00e4ksyy. Antamiasi tietoja k\u00e4ytet\u00e4\u00e4n nykyisten tietosuojas\u00e4\u00e4nn\u00f6sten mukaisesti vain j\u00e4senyyden\u2026","rel":"","context":"Samankaltainen artikkeli","block_context":{"text":"Samankaltainen artikkeli","link":""},"img":{"alt_text":"","src":"","width":0,"height":0},"classes":[]}],"_links":{"self":[{"href":"https:\/\/viestiupseeriyhdistys.fi\/index.php\/wp-json\/wp\/v2\/pages\/307","targetHints":{"allow":["GET"]}}],"collection":[{"href":"https:\/\/viestiupseeriyhdistys.fi\/index.php\/wp-json\/wp\/v2\/pages"}],"about":[{"href":"https:\/\/viestiupseeriyhdistys.fi\/index.php\/wp-json\/wp\/v2\/types\/page"}],"author":[{"embeddable":true,"href":"https:\/\/viestiupseeriyhdistys.fi\/index.php\/wp-json\/wp\/v2\/users\/3"}],"replies":[{"embeddable":true,"href":"https:\/\/viestiupseeriyhdistys.fi\/index.php\/wp-json\/wp\/v2\/comments?post=307"}],"version-history":[{"count":24,"href":"https:\/\/viestiupseeriyhdistys.fi\/index.php\/wp-json\/wp\/v2\/pages\/307\/revisions"}],"predecessor-version":[{"id":636032,"href":"https:\/\/viestiupseeriyhdistys.fi\/index.php\/wp-json\/wp\/v2\/pages\/307\/revisions\/636032"}],"up":[{"embeddable":true,"href":"https:\/\/viestiupseeriyhdistys.fi\/index.php\/wp-json\/wp\/v2\/pages\/99"}],"wp:attachment":[{"href":"https:\/\/viestiupseeriyhdistys.fi\/index.php\/wp-json\/wp\/v2\/media?parent=307"}],"curies":[{"name":"wp","href":"https:\/\/api.w.org\/{rel}","templated":true}]}}