{"id":271,"date":"2017-09-12T09:27:28","date_gmt":"2017-09-12T09:27:28","guid":{"rendered":"http:\/\/viestiupseeriyhdistys.online.fi\/?page_id=271"},"modified":"2025-12-08T18:40:05","modified_gmt":"2025-12-08T16:40:05","slug":"soneran-kerho","status":"publish","type":"page","link":"https:\/\/viestiupseeriyhdistys.fi\/index.php\/etusivu\/soneran-kerho\/","title":{"rendered":"Telian kerho"},"content":{"rendered":"\n<p><\/p>\n\n\n<h4><span style=\"font-family: Verdana,Arial,Helvetica,Lucida Sans,Gill Sans;\">\u00a0<\/span><\/h4>\n<h4>Kerhon tarkoituksena on<\/h4>\n<ul>\n<li>Toimia yhdyssiteen\u00e4 sek\u00e4 keskin\u00e4isen tuntemuksen ja luottamuksen edist\u00e4j\u00e4n\u00e4 j\u00e4sentens\u00e4 kesken Viestiupseeriyhdistys ry:n toimintaperiaatteita noudattaen,<\/li>\n<li>vaalia yleisesti maanpuolustushenke\u00e4 ja maanpuolustusharrastusta,<\/li>\n<li>lis\u00e4t\u00e4 j\u00e4senist\u00f6ns\u00e4 keskuudessa suomalaisen turvallisuuspolitiikan ja maanpuolustuksen tuntemusta sek\u00e4<\/li>\n<li>tukea j\u00e4sentens\u00e4 valmiuksia kehitt\u00e4m\u00e4ll\u00e4 erityisesti j\u00e4senten tietoja ja taitoja s\u00e4hk\u00f6isen viestinn\u00e4n ja Telia-konsernin poikkeusoloihin varautumiseen liittyvill\u00e4 alueilla.<\/li>\n<li>Kerho vaalii my\u00f6s jatkosodanaikaisen Viestipataljoona 10:n perinteit\u00e4.<\/li>\n<\/ul>\n<p><!-- toimintamuodot --><\/p>\n<h4><span style=\"font-family: Verdana,Arial,Helvetica,Lucida Sans,Gill Sans;\">Toimintamuodot<\/span><\/h4>\n<p>Kerhon toimintamuotoina ovat s\u00e4\u00e4nt\u00f6m\u00e4\u00e4r\u00e4isten kokousten lis\u00e4ksi juhla-, esitelm\u00e4-, keskustelu-, retkeily- ja koulutustilaisuuksien j\u00e4rjest\u00e4minen sek\u00e4 kerhon tavoitteisiin ja toimintaan liittyvien tiedotteiden ja muiden julkaisujen toimittaminen soveltuvin osin yhdess\u00e4 Viestiupseeriyhdistys ry:n kanssa. <!-- j\u00e4senyys --><\/p>\n<h4><span style=\"font-family: Verdana,Arial,Helvetica,Lucida Sans,Gill Sans;\">J\u00e4senyys<\/span><\/h4>\n<p>Kerhon j\u00e4seni\u00e4 ovat\u00a0Telia Finland OYj:n \u00a0ja sen tyt\u00e4ryhti\u00f6iden palveluksessa olevat tai niist\u00e4 el\u00e4kkeell\u00e4 olevat Viestiupseeriyhdistys ry:n j\u00e4senet, jotka ovat ilmaisseet halunsa osallistua kerhon toimintaan.<\/p>\n<p>Aikaisempien s\u00e4\u00e4nt\u00f6jen perusteella kerhon j\u00e4seniksi tulleet Sonera Finland OYj:n, Posti- ja lenn\u00e4tinlaitoksen, Posti- ja telelaitoksen tai Suomen PT-konsernin ja sen tyt\u00e4ryhti\u00f6iden palveluksessa olleet tai edelleen olevat Viestiupseeriyhdistys ry:n j\u00e4senet s\u00e4ilytt\u00e4v\u00e4t j\u00e4senyytens\u00e4 kerhossa.<\/p>\n<p>Kerhon j\u00e4senm\u00e4\u00e4r\u00e4 on n.\u00a0190 henkil\u00f6\u00e4 ja se on perustettu 1978.<!-- j\u00e4seneksi liittyminen --><\/p>\n<h4><span style=\"font-family: Verdana,Arial,Helvetica,Lucida Sans,Gill Sans;\">J\u00e4seneksi liittyminen<\/span><\/h4>\n<p>Telian kerhon j\u00e4seneksi liittyminen tapahtuu anomalla Viestiupseeriyhdistys ry:n j\u00e4senyytt\u00e4 ja ilmoittamalla samalla ett\u00e4 liityy my\u00f6s Telian kerhon j\u00e4seneksi.<\/p>\n<p>Viestiupseeriyhdistys ry:n varsinaiseksi j\u00e4seneksi voi tulla yhdistyksen hallituksen hyv\u00e4ksym\u00e4 viesti- ja johtamisj\u00e4rjestelm\u00e4alan tai s\u00e4hk\u00f6isen viestialan teht\u00e4viss\u00e4 toimiva tai toiminut henkil\u00f6 ja yhteis\u00f6. J\u00e4senyys ei edellyt\u00e4 asevelvollisuuden suorittamista.<\/p>\n<h3>Yhteystiedot<\/h3>\n<p>Puheenjohtaja: Anssi Siljander<br \/>gsm 040 302 6128, anssi-pekka.siljander(at)teliacompany.com<\/p>\n<p>Sihteeri: Jari-Matti Finnberg<br \/>gsm 040 302 5787, jari-matti.finnberg(at)teliacompany.com<\/p>\n\n\n<p><\/p>\n","protected":false},"excerpt":{"rendered":"<p>\u00a0 Kerhon tarkoituksena on Toimia yhdyssiteen\u00e4 sek\u00e4 keskin\u00e4isen tuntemuksen ja luottamuksen edist\u00e4j\u00e4n\u00e4 j\u00e4sentens\u00e4 kesken Viestiupseeriyhdistys ry:n toimintaperiaatteita noudattaen, vaalia yleisesti maanpuolustushenke\u00e4 ja maanpuolustusharrastusta, lis\u00e4t\u00e4 j\u00e4senist\u00f6ns\u00e4 keskuudessa suomalaisen turvallisuuspolitiikan ja maanpuolustuksen tuntemusta sek\u00e4 tukea&#8230;<\/p>\n","protected":false},"author":3,"featured_media":0,"parent":99,"menu_order":0,"comment_status":"closed","ping_status":"closed","template":"","meta":{"_acf_changed":false,"footnotes":""},"class_list":["post-271","page","type-page","status-publish","hentry","post"],"acf":[],"jetpack_sharing_enabled":true,"jetpack_shortlink":"https:\/\/wp.me\/P9I03o-4n","jetpack-related-posts":[{"id":99,"url":"https:\/\/viestiupseeriyhdistys.fi\/index.php\/etusivu\/","url_meta":{"origin":271,"position":0},"title":"Viestiupseeriyhdistys ry","author":"Harri Reini","date":"23.8.2017","format":false,"excerpt":"Viestiupseeriyhdistys on viesti- ja johtamisj\u00e4rjestelm\u00e4alan sek\u00e4 s\u00e4hk\u00f6isen viestialan teht\u00e4viss\u00e4 toimivien ja toimineiden henkil\u00f6iden yhteinen maanpuolustusj\u00e4rjest\u00f6. Yhdistyksen tarkoituksena on edist\u00e4\u00e4 maanpuolustusty\u00f6t\u00e4 ja kansalaisten maanpuolustustahtoa yhdist\u00e4m\u00e4ll\u00e4 viesti- ja johtamisj\u00e4rjestelm\u00e4alalla sek\u00e4 s\u00e4hk\u00f6isen viestialan teht\u00e4viss\u00e4 toimivia ja toimineita henkil\u00f6it\u00e4. Yhdistys edesauttaa j\u00e4seni\u00e4 tuntemaan toisensa, kehitt\u00e4\u00e4 j\u00e4senist\u00f6ns\u00e4 ammattitaitoa sek\u00e4 vaalii viestialan perinteit\u00e4 sek\u00e4 yll\u00e4pit\u00e4\u00e4 ja\u2026","rel":"","context":"Samankaltainen artikkeli","block_context":{"text":"Samankaltainen artikkeli","link":""},"img":{"alt_text":"","src":"","width":0,"height":0},"classes":[]},{"id":281,"url":"https:\/\/viestiupseeriyhdistys.fi\/index.php\/etusivu\/viestiupseeriyhdistyksen-historiaa\/","url_meta":{"origin":271,"position":1},"title":"Viestiupseeriyhdistyksen historiaa","author":"Harri Reini","date":"12.9.2017","format":false,"excerpt":"Viestiupseereiden keskuudessa virisi jo sotien aikana tarve perustaa oma yhteenliittym\u00e4. Sotien j\u00e4lkeen talvella 1945 tutkittiin Viipurissa olleen Viestirykmentin upseerikerhon omaisuuden uudelleensijoittamista. Omaisuus p\u00e4\u00e4tettiin koota viestiupseereiden yhteist\u00e4 kerhoa varten Riihim\u00e4elle. Tuon ajan hengen mukaisesti kaikki v\u00e4h\u00e4nkin sotilaalliset yhdistykset ja seurat pyrittiin lakkauttamaan. Viestiupseereiden yhteenliittymist\u00e4 perusteltiinkin paikallisen upseerikerhon toimintana. Toiminnan aloittaminen Viestiupseerikerho\u2026","rel":"","context":"Samankaltainen artikkeli","block_context":{"text":"Samankaltainen artikkeli","link":""},"img":{"alt_text":"Paraati Viestirykmentiss\u00e4","src":"https:\/\/i0.wp.com\/www.viestiupseeriyhdistys.fi\/esittely\/kuvat\/ruokailu.jpg?resize=350%2C200","width":350,"height":200},"classes":[]},{"id":177,"url":"https:\/\/viestiupseeriyhdistys.fi\/index.php\/yhteystietoja\/","url_meta":{"origin":271,"position":2},"title":"Yhteystiedot","author":"Harri Reini","date":"6.9.2017","format":false,"excerpt":"Yhdistyksen toimihenkil\u00f6t Puheenjohtaja: Pertti Hyv\u00e4rinen gsm 0400 377 359, puheenjohtaja(at)viestiupseeriyhdistys.fi Toiminnanjohtaja: Harri Reini gsm 040 514 2497,\u00a0\u00a0 toiminnanjohtaja(at)viestiupseeriyhdistys.fi Telian kerho Puheenjohtaja: Anssi Siljander gsm 040 302 6128, anssi-pekka.siljander(at)teliacompany.com Sihteeri: Jari-Matti Finnberg gsm 040 302 5787, jari-matti.finnberg(at)teliacompany.com Viestimies-lehden toimitus P\u00e4\u00e4toimittaja: majuri Kimmo Kaipainen gsm 040 722 2646, viestimies(at)viestiupseeriyhdistys.fi Toimitussihteeri: insin\u00f6\u00f6ri AMK\u2026","rel":"","context":"Samankaltainen artikkeli","block_context":{"text":"Samankaltainen artikkeli","link":""},"img":{"alt_text":"","src":"","width":0,"height":0},"classes":[]},{"id":53,"url":"https:\/\/viestiupseeriyhdistys.fi\/index.php\/maanpuolustuksen-viestisaatio-sr-ja-viestisaation-kannatusyhdistys-ry\/","url_meta":{"origin":271,"position":3},"title":"MPVS sr ja VSKY ry","author":"Harri Reini","date":"27.6.2017","format":false,"excerpt":"Maanpuolustuksen Viestis\u00e4\u00e4ti\u00f6 sr Maanpuolustuksen Viestis\u00e4\u00e4ti\u00f6n (MPVS) tarkoituksena on kehitt\u00e4\u00e4 viesti-, tietotekniikka- ja tietoliikennealan maanpuolustusvalmiutta Suomessa tukemalla sit\u00e4 edist\u00e4vi\u00e4 opintoja, tutkimus- ja julkaisutoimintaa sek\u00e4 perinnety\u00f6t\u00e4. Viestitoiminnan kehitt\u00e4miseksi Maanpuolustuksen Viestis\u00e4\u00e4ti\u00f6 jakaa apurahoja sek\u00e4 varttuneille tutkijoille ett\u00e4 opiskelijoille. Rahoituksella on tarkoitus kannustaa maanpuolustuksen ja viestialan teknisen kehityksen tutkimusta ja seurantaa. T\u00e4rke\u00e4 tukimuoto on\u2026","rel":"","context":"Samankaltainen artikkeli","block_context":{"text":"Samankaltainen artikkeli","link":""},"img":{"alt_text":"","src":"","width":0,"height":0},"classes":[]},{"id":115,"url":"https:\/\/viestiupseeriyhdistys.fi\/index.php\/etusivu\/viestiupseeriyhdistyksen-saannot\/","url_meta":{"origin":271,"position":4},"title":"Viestiupseeriyhdistyksen s\u00e4\u00e4nn\u00f6t","author":"Harri Reini","date":"31.8.2017","format":false,"excerpt":"Voimassaolevat s\u00e4\u00e4nn\u00f6t hyv\u00e4ksytty PRH:ssa.\u00a0Voimassaolon alku: 05.11.2024 10:26:08\u00a01 \u00a7 NIMI JA KOTIPAIKKAYhdistyksen nimi on Viestiupseeriyhdistys ry. Kotipaikka on Helsingin kaupunki ja yhdistys toimii koko valtakunnan alueella.2 \u00a7 TOIMINNAN TARKOITUSYhdistyksen toiminnan tarkoituksena on edist\u00e4\u00e4 kokonaismaanpuolustusty\u00f6t\u00e4, vahvistaa kansalaisten maanpuolustustahtoa, vahvistaa toimialan henkil\u00f6st\u00f6n keskin\u00e4ist\u00e4 tuntemista ja luottamusta, edesauttaa j\u00e4senist\u00f6n ammattitaidon kehittymist\u00e4 sek\u00e4 vaalia toimialanperinteit\u00e4.N\u00e4iss\u00e4\u2026","rel":"","context":"Samankaltainen artikkeli","block_context":{"text":"Samankaltainen artikkeli","link":""},"img":{"alt_text":"","src":"","width":0,"height":0},"classes":[]},{"id":33,"url":"https:\/\/viestiupseeriyhdistys.fi\/index.php\/viestimies-lehti\/","url_meta":{"origin":271,"position":5},"title":"Viestimies-lehti","author":"Harri Reini","date":"26.6.2017","format":false,"excerpt":"Viestimies-lehti on Viestiupseeriyhdistys ry:n julkaisu, jonka teht\u00e4v\u00e4n\u00e4 on Edist\u00e4\u00e4 j\u00e4senist\u00f6n maanpuolustustietoutta viesti- ja johtamisj\u00e4rjestelm\u00e4alalla Tiedottaa alan koulutuksen, tekniikan, organisaatioiden ja muun toiminnan kehityksest\u00e4 sek\u00e4 Toimia Viestiupseeriyhdistys ry:n tiedotusjulkaisuna. Viestimies-lehti on ilmestynyt vuodesta 1946 alkaen nelj\u00e4 kertaa vuodessa. Lehti l\u00e4hetet\u00e4\u00e4n j\u00e4senetuna kaikille Viestiupseeriyhdistys ry:n j\u00e4senille. Lehden voi my\u00f6s tilata erikseen 35\u2026","rel":"","context":"Samankaltainen artikkeli","block_context":{"text":"Samankaltainen artikkeli","link":""},"img":{"alt_text":"","src":"","width":0,"height":0},"classes":[]}],"_links":{"self":[{"href":"https:\/\/viestiupseeriyhdistys.fi\/index.php\/wp-json\/wp\/v2\/pages\/271","targetHints":{"allow":["GET"]}}],"collection":[{"href":"https:\/\/viestiupseeriyhdistys.fi\/index.php\/wp-json\/wp\/v2\/pages"}],"about":[{"href":"https:\/\/viestiupseeriyhdistys.fi\/index.php\/wp-json\/wp\/v2\/types\/page"}],"author":[{"embeddable":true,"href":"https:\/\/viestiupseeriyhdistys.fi\/index.php\/wp-json\/wp\/v2\/users\/3"}],"replies":[{"embeddable":true,"href":"https:\/\/viestiupseeriyhdistys.fi\/index.php\/wp-json\/wp\/v2\/comments?post=271"}],"version-history":[{"count":18,"href":"https:\/\/viestiupseeriyhdistys.fi\/index.php\/wp-json\/wp\/v2\/pages\/271\/revisions"}],"predecessor-version":[{"id":636175,"href":"https:\/\/viestiupseeriyhdistys.fi\/index.php\/wp-json\/wp\/v2\/pages\/271\/revisions\/636175"}],"up":[{"embeddable":true,"href":"https:\/\/viestiupseeriyhdistys.fi\/index.php\/wp-json\/wp\/v2\/pages\/99"}],"wp:attachment":[{"href":"https:\/\/viestiupseeriyhdistys.fi\/index.php\/wp-json\/wp\/v2\/media?parent=271"}],"curies":[{"name":"wp","href":"https:\/\/api.w.org\/{rel}","templated":true}]}}