{"id":182,"date":"2017-09-06T11:34:02","date_gmt":"2017-09-06T11:34:02","guid":{"rendered":"http:\/\/viestiupseeriyhdistys.online.fi\/?page_id=182"},"modified":"2017-11-26T10:55:38","modified_gmt":"2017-11-26T08:55:38","slug":"linkkeja","status":"publish","type":"page","link":"https:\/\/viestiupseeriyhdistys.fi\/index.php\/linkkeja\/","title":{"rendered":"Linkkej\u00e4"},"content":{"rendered":"<ul>\n<li><a href=\"http:\/\/www.puolustusvoimat.fi\">Puolustusvoimat<\/a><br \/>\n<a href=\"http:\/\/www.maavoimat.fi\">Maavoimat<\/a><br \/>\n<a href=\"http:\/\/www.merivoimat.fi\">Merivoimat<\/a><br \/>\n<a href=\"http:\/\/www.ilmavoimat.fi\">Ilmavoimat<\/a><br \/>\n<a href=\"http:\/\/www.maanpuolustuskorkeakoulu.fi\">Maanpuolustuskorkeakoulu<\/a><\/li>\n<li><a href=\"http:\/\/ruotuvaki.fi\/etusivu\">Ruotuv\u00e4ki<\/a><\/li>\n<li><a href=\"https:\/\/www.pvmoodle.fi\/login\/index.php\">PVMoodle<\/a><\/li>\n<li><a href=\"http:\/\/www.millog.fi\/portal\/\">Millog<\/a><\/li>\n<li><a href=\"http:\/\/www.museomilitaria.fi\">Museo Militaria &#8211; Suomen Tykist\u00f6-, Pioneeri- ja Viestimuseo<\/a><\/li>\n<li><a href=\"http:\/\/www.viestikiltojenliitto.fi\/\">Viestikiltojen Liitto<\/a><\/li>\n<li><a href=\"https:\/\/www.rul.fi\/viestiosasto\/\">Helsingin Reserviupseerien Viestiosasto <\/a><\/li>\n<li><a href=\"https:\/\/www.rul.fi\/\">Suomen Reserviupseeriliitto<\/a><\/li>\n<li><a href=\"https:\/\/www.mpk.fi\/\">Maanpuolustuskoulutusyhdistys<\/a><\/li>\n<li><a href=\"https:\/\/www.afcea.org\/site\/\">AFCEA <\/a><\/li>\n<li><a href=\"http:\/\/www.elsokilta.net\/\">Elektronisen sodank\u00e4ynnin kilta<\/a><\/li>\n<li><a href=\"http:\/\/www.mpkl.fi\/\">Maanpuolustuskiltojen Liitto<\/a><\/li>\n<li><a href=\"http:\/\/www.pohjanviestikilta.fi\/fi.php\/\">Pohjan Viestikilta <\/a><\/li>\n<li><a href=\"http:\/\/www.ilmavoimienviestikilta.fi\/\">Ilmavoimien Viestikilta<\/a><\/li>\n<li><a href=\"http:\/\/kansataisteli.sshs.fi\/\">Kansa Taisteli lehdet<\/a><\/li>\n<\/ul>\n<p style=\"padding-left: 60px;\">Jarmo Myyr\u00e4n artikkelit: Viestitoiminnan kehitys 1920- ja 1930- luvuilla 8\/78, Viestitoiminta Talvisodassa 3\/79 ja Jatkosodan viestitoiminta 5\/82.<\/p>\n<p>&nbsp;<\/p>\n","protected":false},"excerpt":{"rendered":"<p>Puolustusvoimat Maavoimat Merivoimat Ilmavoimat Maanpuolustuskorkeakoulu Ruotuv\u00e4ki PVMoodle Millog Museo Militaria &#8211; Suomen Tykist\u00f6-, Pioneeri- ja Viestimuseo Viestikiltojen Liitto Helsingin Reserviupseerien Viestiosasto Suomen Reserviupseeriliitto Maanpuolustuskoulutusyhdistys AFCEA Elektronisen sodank\u00e4ynnin kilta Maanpuolustuskiltojen Liitto Pohjan Viestikilta Ilmavoimien&#8230;<\/p>\n","protected":false},"author":3,"featured_media":0,"parent":0,"menu_order":8,"comment_status":"closed","ping_status":"closed","template":"","meta":{"_acf_changed":false,"footnotes":""},"class_list":["post-182","page","type-page","status-publish","hentry","post"],"acf":[],"jetpack_sharing_enabled":true,"jetpack_shortlink":"https:\/\/wp.me\/P9I03o-2W","jetpack-related-posts":[{"id":53,"url":"https:\/\/viestiupseeriyhdistys.fi\/index.php\/maanpuolustuksen-viestisaatio-sr-ja-viestisaation-kannatusyhdistys-ry\/","url_meta":{"origin":182,"position":0},"title":"MPVS sr ja VSKY ry","author":"Harri Reini","date":"27.6.2017","format":false,"excerpt":"Maanpuolustuksen Viestis\u00e4\u00e4ti\u00f6 sr Maanpuolustuksen Viestis\u00e4\u00e4ti\u00f6n (MPVS) tarkoituksena on kehitt\u00e4\u00e4 viesti-, tietotekniikka- ja tietoliikennealan maanpuolustusvalmiutta Suomessa tukemalla sit\u00e4 edist\u00e4vi\u00e4 opintoja, tutkimus- ja julkaisutoimintaa sek\u00e4 perinnety\u00f6t\u00e4. Viestitoiminnan kehitt\u00e4miseksi Maanpuolustuksen Viestis\u00e4\u00e4ti\u00f6 jakaa apurahoja sek\u00e4 varttuneille tutkijoille ett\u00e4 opiskelijoille. Rahoituksella on tarkoitus kannustaa maanpuolustuksen ja viestialan teknisen kehityksen tutkimusta ja seurantaa. T\u00e4rke\u00e4 tukimuoto on\u2026","rel":"","context":"Samankaltainen artikkeli","block_context":{"text":"Samankaltainen artikkeli","link":""},"img":{"alt_text":"","src":"","width":0,"height":0},"classes":[]},{"id":324,"url":"https:\/\/viestiupseeriyhdistys.fi\/index.php\/maanpuolustuksen-viestisaatio-sr-ja-viestisaation-kannatusyhdistys-ry\/jasenhakemuslomake-vsky\/","url_meta":{"origin":182,"position":1},"title":"J\u00e4senhakemuslomake VSKY ry","author":"Harri Reini","date":"14.9.2017","format":false,"excerpt":"Viestis\u00e4\u00e4ti\u00f6n Kannatusyhdistyksen j\u00e4senhakemus Yhdistyksen j\u00e4seneksi voi p\u00e4\u00e4st\u00e4 Suomen kansalainen tai Suomessa rekister\u00f6ity oikeuskelpoinen yhteis\u00f6, jonka yhdistyksen hallitus hyv\u00e4ksyy hallitukselle tehdyn ilmoituksen perusteella.","rel":"","context":"Samankaltainen artikkeli","block_context":{"text":"Samankaltainen artikkeli","link":""},"img":{"alt_text":"","src":"","width":0,"height":0},"classes":[]},{"id":271,"url":"https:\/\/viestiupseeriyhdistys.fi\/index.php\/etusivu\/soneran-kerho\/","url_meta":{"origin":182,"position":2},"title":"Telian kerho","author":"Harri Reini","date":"12.9.2017","format":false,"excerpt":"\u00a0 Kerhon tarkoituksena on Toimia yhdyssiteen\u00e4 sek\u00e4 keskin\u00e4isen tuntemuksen ja luottamuksen edist\u00e4j\u00e4n\u00e4 j\u00e4sentens\u00e4 kesken Viestiupseeriyhdistys ry:n toimintaperiaatteita noudattaen, vaalia yleisesti maanpuolustushenke\u00e4 ja maanpuolustusharrastusta, lis\u00e4t\u00e4 j\u00e4senist\u00f6ns\u00e4 keskuudessa suomalaisen turvallisuuspolitiikan ja maanpuolustuksen tuntemusta sek\u00e4 tukea j\u00e4sentens\u00e4 valmiuksia kehitt\u00e4m\u00e4ll\u00e4 erityisesti j\u00e4senten tietoja ja taitoja s\u00e4hk\u00f6isen viestinn\u00e4n ja Telia-konsernin poikkeusoloihin varautumiseen liittyvill\u00e4 alueilla. Kerho\u2026","rel":"","context":"Samankaltainen artikkeli","block_context":{"text":"Samankaltainen artikkeli","link":""},"img":{"alt_text":"","src":"","width":0,"height":0},"classes":[]}],"_links":{"self":[{"href":"https:\/\/viestiupseeriyhdistys.fi\/index.php\/wp-json\/wp\/v2\/pages\/182","targetHints":{"allow":["GET"]}}],"collection":[{"href":"https:\/\/viestiupseeriyhdistys.fi\/index.php\/wp-json\/wp\/v2\/pages"}],"about":[{"href":"https:\/\/viestiupseeriyhdistys.fi\/index.php\/wp-json\/wp\/v2\/types\/page"}],"author":[{"embeddable":true,"href":"https:\/\/viestiupseeriyhdistys.fi\/index.php\/wp-json\/wp\/v2\/users\/3"}],"replies":[{"embeddable":true,"href":"https:\/\/viestiupseeriyhdistys.fi\/index.php\/wp-json\/wp\/v2\/comments?post=182"}],"version-history":[{"count":14,"href":"https:\/\/viestiupseeriyhdistys.fi\/index.php\/wp-json\/wp\/v2\/pages\/182\/revisions"}],"predecessor-version":[{"id":724,"href":"https:\/\/viestiupseeriyhdistys.fi\/index.php\/wp-json\/wp\/v2\/pages\/182\/revisions\/724"}],"wp:attachment":[{"href":"https:\/\/viestiupseeriyhdistys.fi\/index.php\/wp-json\/wp\/v2\/media?parent=182"}],"curies":[{"name":"wp","href":"https:\/\/api.w.org\/{rel}","templated":true}]}}