{"id":180,"date":"2017-09-06T11:33:45","date_gmt":"2017-09-06T11:33:45","guid":{"rendered":"http:\/\/viestiupseeriyhdistys.online.fi\/?page_id=180"},"modified":"2018-11-07T15:30:58","modified_gmt":"2018-11-07T13:30:58","slug":"tapahtumat","status":"publish","type":"page","link":"https:\/\/viestiupseeriyhdistys.fi\/index.php\/tapahtumat\/","title":{"rendered":"Tapahtumat"},"content":{"rendered":"<h2><strong>Tulevat tapahtumat<\/strong><\/h2>\n","protected":false},"excerpt":{"rendered":"<p>Tulevat tapahtumat<\/p>\n","protected":false},"author":3,"featured_media":0,"parent":0,"menu_order":2,"comment_status":"closed","ping_status":"closed","template":"tapahtumat.php","meta":{"_acf_changed":false,"footnotes":""},"class_list":["post-180","page","type-page","status-publish","hentry","post"],"acf":[],"jetpack_sharing_enabled":true,"jetpack_shortlink":"https:\/\/wp.me\/P9I03o-2U","jetpack-related-posts":[{"id":347,"url":"https:\/\/viestiupseeriyhdistys.fi\/index.php\/tyolista\/","url_meta":{"origin":180,"position":0},"title":"Ty\u00f6lista","author":"Harri Reini","date":"20.9.2017","format":false,"excerpt":"ES=Erkka S MA=Martti A Layout \/ ulkoasu mobiiliversio, skaalautuvuus! suurennus\/pienennys? - Tehd\u00e4\u00e4n kun \"PC version\" valikot jne on \"lopulliset\" - Suurennus\/piennennys Android luurissa ei toimi viel\u00e4k\u00e4\u00e4n (ES, 22.11)\u00a0 \u00a0 \u00a0 -\u00a0 \u00a0 \u00a0 \u00a0 \u00a0ok, testattu 23.11 toimii Samsung S7 edge, HR Mobiilivalikon toiminta, testattu 23.11,\u00a0 otsikkotekstej\u00e4 vahvennettu,ok\/HR logon ja\u2026","rel":"","context":"Samankaltainen artikkeli","block_context":{"text":"Samankaltainen artikkeli","link":""},"img":{"alt_text":"","src":"","width":0,"height":0},"classes":[]}],"_links":{"self":[{"href":"https:\/\/viestiupseeriyhdistys.fi\/index.php\/wp-json\/wp\/v2\/pages\/180","targetHints":{"allow":["GET"]}}],"collection":[{"href":"https:\/\/viestiupseeriyhdistys.fi\/index.php\/wp-json\/wp\/v2\/pages"}],"about":[{"href":"https:\/\/viestiupseeriyhdistys.fi\/index.php\/wp-json\/wp\/v2\/types\/page"}],"author":[{"embeddable":true,"href":"https:\/\/viestiupseeriyhdistys.fi\/index.php\/wp-json\/wp\/v2\/users\/3"}],"replies":[{"embeddable":true,"href":"https:\/\/viestiupseeriyhdistys.fi\/index.php\/wp-json\/wp\/v2\/comments?post=180"}],"version-history":[{"count":10,"href":"https:\/\/viestiupseeriyhdistys.fi\/index.php\/wp-json\/wp\/v2\/pages\/180\/revisions"}],"predecessor-version":[{"id":494,"href":"https:\/\/viestiupseeriyhdistys.fi\/index.php\/wp-json\/wp\/v2\/pages\/180\/revisions\/494"}],"wp:attachment":[{"href":"https:\/\/viestiupseeriyhdistys.fi\/index.php\/wp-json\/wp\/v2\/media?parent=180"}],"curies":[{"name":"wp","href":"https:\/\/api.w.org\/{rel}","templated":true}]}}