{"id":174,"date":"2017-09-06T11:21:32","date_gmt":"2017-09-06T11:21:32","guid":{"rendered":"http:\/\/viestiupseeriyhdistys.online.fi\/?page_id=174"},"modified":"2026-01-01T13:44:25","modified_gmt":"2026-01-01T11:44:25","slug":"ajankohtaista","status":"publish","type":"page","link":"https:\/\/viestiupseeriyhdistys.fi\/","title":{"rendered":"Etusivu"},"content":{"rendered":"<h2><\/h2>\n<h2>Viestiupseeriyhdistys on viesti-, johtamisj\u00e4rjestelm\u00e4-, tele- ja s\u00e4hk\u00f6isen viestinn\u00e4n alalla toimivien ja toimineiden henkil\u00f6iden yhteinen maanpuolustusj\u00e4rjest\u00f6. Yhdistyksemme j\u00e4senyys ei edellyt\u00e4 suoritettua varusmiespalvelusta.<\/h2>\n<h2>Viestiupseeriyhdistys ry:n perustamisesta tuli 23.9.2025 kuluneeksi 80 vuotta.<\/h2>\n\n\n<figure class=\"wp-block-image size-full\"><img loading=\"lazy\" decoding=\"async\" width=\"385\" height=\"927\" data-attachment-id=\"579940\" data-permalink=\"https:\/\/viestiupseeriyhdistys.fi\/index.php\/ajankohtaista\/roll-up_nuoli\/\" data-orig-file=\"https:\/\/viestiupseeriyhdistys.fi\/wp-content\/uploads\/2025\/01\/Roll-up_nuoli.gif\" data-orig-size=\"385,927\" data-comments-opened=\"0\" data-image-meta=\"{&quot;aperture&quot;:&quot;0&quot;,&quot;credit&quot;:&quot;&quot;,&quot;camera&quot;:&quot;&quot;,&quot;caption&quot;:&quot;&quot;,&quot;created_timestamp&quot;:&quot;0&quot;,&quot;copyright&quot;:&quot;&quot;,&quot;focal_length&quot;:&quot;0&quot;,&quot;iso&quot;:&quot;0&quot;,&quot;shutter_speed&quot;:&quot;0&quot;,&quot;title&quot;:&quot;&quot;,&quot;orientation&quot;:&quot;0&quot;}\" data-image-title=\"Roll up_nuoli\" data-image-description=\"\" data-image-caption=\"\" data-large-file=\"https:\/\/viestiupseeriyhdistys.fi\/wp-content\/uploads\/2025\/01\/Roll-up_nuoli.gif\" src=\"http:\/\/viestiupseeriyhdistys.fi\/wp-content\/uploads\/2025\/01\/Roll-up_nuoli.gif\" alt=\"\" class=\"wp-image-579940\"\/><\/figure>\n","protected":false},"excerpt":{"rendered":"<p>Viestiupseeriyhdistys on viesti-, johtamisj\u00e4rjestelm\u00e4-, tele- ja s\u00e4hk\u00f6isen viestinn\u00e4n alalla toimivien ja toimineiden henkil\u00f6iden yhteinen maanpuolustusj\u00e4rjest\u00f6. Yhdistyksemme j\u00e4senyys ei edellyt\u00e4 suoritettua varusmiespalvelusta. Viestiupseeriyhdistys ry:n perustamisesta tuli 23.9.2025 kuluneeksi 80 vuotta.<\/p>\n","protected":false},"author":3,"featured_media":0,"parent":0,"menu_order":1,"comment_status":"closed","ping_status":"closed","template":"","meta":{"_acf_changed":false,"footnotes":""},"class_list":["post-174","page","type-page","status-publish","hentry","post"],"acf":[],"jetpack_sharing_enabled":true,"jetpack_shortlink":"https:\/\/wp.me\/P9I03o-2O","jetpack-related-posts":[{"id":271,"url":"https:\/\/viestiupseeriyhdistys.fi\/index.php\/etusivu\/soneran-kerho\/","url_meta":{"origin":174,"position":0},"title":"Telian kerho","author":"Harri Reini","date":"12.9.2017","format":false,"excerpt":"\u00a0 Kerhon tarkoituksena on Toimia yhdyssiteen\u00e4 sek\u00e4 keskin\u00e4isen tuntemuksen ja luottamuksen edist\u00e4j\u00e4n\u00e4 j\u00e4sentens\u00e4 kesken Viestiupseeriyhdistys ry:n toimintaperiaatteita noudattaen, vaalia yleisesti maanpuolustushenke\u00e4 ja maanpuolustusharrastusta, lis\u00e4t\u00e4 j\u00e4senist\u00f6ns\u00e4 keskuudessa suomalaisen turvallisuuspolitiikan ja maanpuolustuksen tuntemusta sek\u00e4 tukea j\u00e4sentens\u00e4 valmiuksia kehitt\u00e4m\u00e4ll\u00e4 erityisesti j\u00e4senten tietoja ja taitoja s\u00e4hk\u00f6isen viestinn\u00e4n ja Telia-konsernin poikkeusoloihin varautumiseen liittyvill\u00e4 alueilla. Kerho\u2026","rel":"","context":"Samankaltainen artikkeli","block_context":{"text":"Samankaltainen artikkeli","link":""},"img":{"alt_text":"","src":"","width":0,"height":0},"classes":[]},{"id":33,"url":"https:\/\/viestiupseeriyhdistys.fi\/index.php\/viestimies-lehti\/","url_meta":{"origin":174,"position":1},"title":"Viestimies-lehti","author":"Harri Reini","date":"26.6.2017","format":false,"excerpt":"Viestimies-lehti on Viestiupseeriyhdistys ry:n julkaisu, jonka teht\u00e4v\u00e4n\u00e4 on Edist\u00e4\u00e4 j\u00e4senist\u00f6n maanpuolustustietoutta viesti- ja johtamisj\u00e4rjestelm\u00e4alalla Tiedottaa alan koulutuksen, tekniikan, organisaatioiden ja muun toiminnan kehityksest\u00e4 sek\u00e4 Toimia Viestiupseeriyhdistys ry:n tiedotusjulkaisuna. Viestimies-lehti on ilmestynyt vuodesta 1946 alkaen nelj\u00e4 kertaa vuodessa. Lehti l\u00e4hetet\u00e4\u00e4n j\u00e4senetuna kaikille Viestiupseeriyhdistys ry:n j\u00e4senille. Lehden voi my\u00f6s tilata erikseen 35\u2026","rel":"","context":"Samankaltainen artikkeli","block_context":{"text":"Samankaltainen artikkeli","link":""},"img":{"alt_text":"","src":"","width":0,"height":0},"classes":[]},{"id":307,"url":"https:\/\/viestiupseeriyhdistys.fi\/index.php\/etusivu\/tuotteet\/","url_meta":{"origin":174,"position":2},"title":"Tuotteet","author":"Harri Reini","date":"14.9.2017","format":false,"excerpt":"TUOTTEIDEN TILAUS T\u00e4lt\u00e4 sivulta voit tilata Viestiupseeriyhdistyksen tarjoamia tuotteita. Alla l\u00f6ytyvien tuotteiden lis\u00e4ksi Viestiupseeriyhdistys julkaisee nelj\u00e4 kertaa vuodessa ilmestyv\u00e4\u00e4 Viestimies-lehte\u00e4, joka on my\u00f6s mahdollista tilata. Viestimies-lehden voi tilata joka m\u00e4\u00e4r\u00e4aikaisena (1 vuosi) tai jatkuvana tilauksena. Tuotteiden mukana l\u00e4hetet\u00e4\u00e4n maksamisen perusteet . Kyberajan viestitaktiikka Viestiupseeriyhdistys ry:n julkaisu \"Kyberajan viestitaktiikka\" on julkaistu\u2026","rel":"","context":"Samankaltainen artikkeli","block_context":{"text":"Samankaltainen artikkeli","link":""},"img":{"alt_text":"","src":"","width":0,"height":0},"classes":[]},{"id":99,"url":"https:\/\/viestiupseeriyhdistys.fi\/index.php\/etusivu\/","url_meta":{"origin":174,"position":3},"title":"Viestiupseeriyhdistys ry","author":"Harri Reini","date":"23.8.2017","format":false,"excerpt":"Viestiupseeriyhdistys on viesti- ja johtamisj\u00e4rjestelm\u00e4alan sek\u00e4 s\u00e4hk\u00f6isen viestialan teht\u00e4viss\u00e4 toimivien ja toimineiden henkil\u00f6iden yhteinen maanpuolustusj\u00e4rjest\u00f6. Yhdistyksen tarkoituksena on edist\u00e4\u00e4 maanpuolustusty\u00f6t\u00e4 ja kansalaisten maanpuolustustahtoa yhdist\u00e4m\u00e4ll\u00e4 viesti- ja johtamisj\u00e4rjestelm\u00e4alalla sek\u00e4 s\u00e4hk\u00f6isen viestialan teht\u00e4viss\u00e4 toimivia ja toimineita henkil\u00f6it\u00e4. Yhdistys edesauttaa j\u00e4seni\u00e4 tuntemaan toisensa, kehitt\u00e4\u00e4 j\u00e4senist\u00f6ns\u00e4 ammattitaitoa sek\u00e4 vaalii viestialan perinteit\u00e4 sek\u00e4 yll\u00e4pit\u00e4\u00e4 ja\u2026","rel":"","context":"Samankaltainen artikkeli","block_context":{"text":"Samankaltainen artikkeli","link":""},"img":{"alt_text":"","src":"","width":0,"height":0},"classes":[]},{"id":360,"url":"https:\/\/viestiupseeriyhdistys.fi\/index.php\/ajankohtaiset\/","url_meta":{"origin":174,"position":4},"title":"Muita juttuja","author":"Harri Reini","date":"20.9.2017","format":false,"excerpt":"Viestiupseeriyhdistys on viesti-, johtamisj\u00e4rjestelm\u00e4- ja s\u00e4hk\u00f6isen viestinn\u00e4n alalla toimivien ja toimineiden henkil\u00f6iden yhteinen maanpuolustusj\u00e4rjest\u00f6. J\u00e4senyys yhdistyksess\u00e4mme ei edellyt\u00e4 suoritettua varusmiespalvelusta.","rel":"","context":"Samankaltainen artikkeli","block_context":{"text":"Samankaltainen artikkeli","link":""},"img":{"alt_text":"","src":"","width":0,"height":0},"classes":[]},{"id":35,"url":"https:\/\/viestiupseeriyhdistys.fi\/index.php\/jaseneksi\/","url_meta":{"origin":174,"position":5},"title":"J\u00e4senyys","author":"Harri Reini","date":"26.6.2017","format":false,"excerpt":"Viestiupseeriyhdistys on viesti-, johtamisj\u00e4rjestelm\u00e4- ja s\u00e4hk\u00f6isen viestinn\u00e4n alalla toimivien ja toimineiden henkil\u00f6iden yhteinen maanpuolustusj\u00e4rjest\u00f6. Yhdistyksemme j\u00e4senyys ei edellyt\u00e4 suoritettua varusmiespalvelusta. J\u00e4seni\u00e4 yhdistyksess\u00e4mme on muun muassa Puolustusvoimista, teleyrityksist\u00e4 ja tietoturvayrityksist\u00e4 sek\u00e4 akateemisesta maailmasta. Yhdistyksen j\u00e4seneksi p\u00e4\u00e4set t\u00e4ytt\u00e4m\u00e4ll\u00e4 anomuksen, jonka yhdistyksen hallitus kokoontuessaan hyv\u00e4ksyy. Antamiasi tietoja k\u00e4ytet\u00e4\u00e4n nykyisten tietosuojas\u00e4\u00e4nn\u00f6sten mukaisesti vain j\u00e4senyyden\u2026","rel":"","context":"Samankaltainen artikkeli","block_context":{"text":"Samankaltainen artikkeli","link":""},"img":{"alt_text":"","src":"","width":0,"height":0},"classes":[]}],"_links":{"self":[{"href":"https:\/\/viestiupseeriyhdistys.fi\/index.php\/wp-json\/wp\/v2\/pages\/174","targetHints":{"allow":["GET"]}}],"collection":[{"href":"https:\/\/viestiupseeriyhdistys.fi\/index.php\/wp-json\/wp\/v2\/pages"}],"about":[{"href":"https:\/\/viestiupseeriyhdistys.fi\/index.php\/wp-json\/wp\/v2\/types\/page"}],"author":[{"embeddable":true,"href":"https:\/\/viestiupseeriyhdistys.fi\/index.php\/wp-json\/wp\/v2\/users\/3"}],"replies":[{"embeddable":true,"href":"https:\/\/viestiupseeriyhdistys.fi\/index.php\/wp-json\/wp\/v2\/comments?post=174"}],"version-history":[{"count":31,"href":"https:\/\/viestiupseeriyhdistys.fi\/index.php\/wp-json\/wp\/v2\/pages\/174\/revisions"}],"predecessor-version":[{"id":636218,"href":"https:\/\/viestiupseeriyhdistys.fi\/index.php\/wp-json\/wp\/v2\/pages\/174\/revisions\/636218"}],"wp:attachment":[{"href":"https:\/\/viestiupseeriyhdistys.fi\/index.php\/wp-json\/wp\/v2\/media?parent=174"}],"curies":[{"name":"wp","href":"https:\/\/api.w.org\/{rel}","templated":true}]}}