{"id":115,"date":"2017-08-31T12:19:33","date_gmt":"2017-08-31T12:19:33","guid":{"rendered":"http:\/\/viestiupseeriyhdistys.online.fi\/?page_id=115"},"modified":"2024-11-05T15:54:00","modified_gmt":"2024-11-05T13:54:00","slug":"viestiupseeriyhdistyksen-saannot","status":"publish","type":"page","link":"https:\/\/viestiupseeriyhdistys.fi\/index.php\/etusivu\/viestiupseeriyhdistyksen-saannot\/","title":{"rendered":"Viestiupseeriyhdistyksen s\u00e4\u00e4nn\u00f6t"},"content":{"rendered":"\n<p>Voimassaolevat s\u00e4\u00e4nn\u00f6t hyv\u00e4ksytty PRH:ssa.\u00a0<br>Voimassaolon alku: 05.11.2024 10:26:08\u00a0<br><br><strong>1 \u00a7 NIMI JA KOTIPAIKKA<\/strong><br>Yhdistyksen nimi on Viestiupseeriyhdistys ry. Kotipaikka on Helsingin kaupunki ja yhdistys toimii koko valtakunnan alueella.<br><br><strong>2 \u00a7 TOIMINNAN TARKOITUS<\/strong><br>Yhdistyksen toiminnan tarkoituksena on edist\u00e4\u00e4 kokonaismaanpuolustusty\u00f6t\u00e4, vahvistaa kansalaisten maanpuolustustahtoa, vahvistaa toimialan henkil\u00f6st\u00f6n keskin\u00e4ist\u00e4 tuntemista ja luottamusta, edesauttaa j\u00e4senist\u00f6n ammattitaidon kehittymist\u00e4 sek\u00e4 vaalia toimialan<br>perinteit\u00e4.<br><br>N\u00e4iss\u00e4 s\u00e4\u00e4nn\u00f6iss\u00e4 mainittuun toimialaan kuuluvat puolustusvoimien viestiaselaji ja johtamisj\u00e4rjestelm\u00e4toimiala sek\u00e4 yhteiskunnan eri sektoreiden viestint\u00e4teknologiaan ja kyberturvallisuuteen liittyv\u00e4t, kokonaismaanpuolustuksen osana toimivat organisaatiot.<br><br>Toiminnan tarkoituksena ei ole voiton tai muun taloudellisen ansion hankkiminen eik\u00e4 toiminta saa muodostua p\u00e4\u00e4asiallisesti taloudelliseksi.<br>Tarkoitustaan yhdistys toteuttaa:<br>&#8211; harjoittamalla julkaisu- ja tiedotustoimintaa<br>&#8211; j\u00e4rjest\u00e4m\u00e4ll\u00e4 seminaari- ja esitelm\u00e4tilaisuuksia<br>&#8211; j\u00e4rjest\u00e4m\u00e4ll\u00e4 tutustumismatkoja<br>&#8211; tukemalla toimialan perinteiden ker\u00e4\u00e4mist\u00e4 ja tallentamista sek\u00e4 museotoimintaa<br>&#8211; j\u00e4rjest\u00e4m\u00e4ll\u00e4 neuvontaa ja opastusta<br>&#8211; palkitsemalla ansioituneita j\u00e4seni\u00e4 sek\u00e4 muistamalla j\u00e4seni\u00e4 heid\u00e4n merkkip\u00e4ivin\u00e4\u00e4n sek\u00e4<br>&#8211; tekem\u00e4ll\u00e4 yhteisty\u00f6t\u00e4 muiden vapaaehtoisten maanpuolustusj\u00e4rjest\u00f6jen ja puolustusvoimien kanssa.<br><br>Toimintansa tukemiseksi yhdistys voi ottaa vastaan lahjoituksia ja testamentteja sek\u00e4 toimeenpanna rahanker\u00e4yksi\u00e4 ja arpajaisia asianmukaisella luvalla sek\u00e4 toimeenpanna huvitilaisuuksia.<br><br>Yhdistys voi omistaa kiinte\u00e4\u00e4 ja irtainta omaisuutta.<br><br>Yhdistys ei osallistu puoluepoliittiseen toimintaan.<br><br><strong>3 \u00a7 J\u00c4SENET<\/strong><br>Yhdistyksen j\u00e4seneksi voidaan hyv\u00e4ksy\u00e4 yksityinen henkil\u00f6 ja oikeuskelpoinen yhteis\u00f6.\u00a0<br><br>Yhdistyksen j\u00e4senet ovat varsinaisia j\u00e4seni\u00e4, kannattajaj\u00e4seni\u00e4 tai kunniaj\u00e4seni\u00e4 sek\u00e4 kunniapuheenjohtajia.<br><br>Kannattajaj\u00e4senell\u00e4 ei ole \u00e4\u00e4nioikeutta yhdistyksen kokouksessa.<br><br>Yhdistyksen j\u00e4senet hyv\u00e4ksyy hakemuksesta hallitus. Kunniaj\u00e4senet ja kunniapuheenjohtajat hyv\u00e4ksyy yhdistyksen kokous hallituksen tekem\u00e4st\u00e4 esityksest\u00e4.<br><br>Yhdistyksen varsinaiseksi j\u00e4seneksi voidaan hyv\u00e4ksy\u00e4 toimialan teht\u00e4viss\u00e4 toimiva tai toiminut, tai muutoin toimialan toiminnasta kiinnostunut henkil\u00f6 ja yhteis\u00f6. Varsinaiset j\u00e4senet suorittavat j\u00e4senmaksun, jonka suuruuden syyskokous m\u00e4\u00e4r\u00e4\u00e4.<br><br>Kannattajaj\u00e4seneksi voidaan hyv\u00e4ksy\u00e4 yksityinen henkil\u00f6 ja oikeuskelpoinen yhteis\u00f6, joka suorittaa syyskokouksen m\u00e4\u00e4r\u00e4\u00e4m\u00e4n vuosittaisen kannattajaj\u00e4senmaksun.<br><br>Yhdistyksen kokous voi hallituksen esityksest\u00e4 kutsua yhdistyksen kunniaj\u00e4seniksi henkil\u00f6it\u00e4, jotka ovat toiminnallaan yhdistyksess\u00e4 tai sen ulkopuolella my\u00f6t\u00e4vaikuttaneet yhdistyksen tarkoitusperien toteutumiseen.<br><br>Kunniapuheenjohtajaksi voi yhdistyksen kokous hallituksen esityksest\u00e4 kutsua j\u00e4senen, joka on toiminut yhdistyksen puheenjohtajana pitk\u00e4n ajan.<br>Kunniapuheenjohtajilla ja kunniaj\u00e4senill\u00e4 ei ole j\u00e4senmaksuvelvollisuutta.<br><br>J\u00e4senell\u00e4 on oikeus erota yhdistyksest\u00e4 ilmoittamalla siit\u00e4 kirjallisesti hallitukselle tai\u00a0puheenjohtajalle taikka ilmoittamalla eroamisesta yhdistyksen kokouksen p\u00f6yt\u00e4kirjaan.<br><br>J\u00e4sen, joka on kahden vuoden aikana j\u00e4tt\u00e4nyt j\u00e4senmaksun maksamatta, on erotettu yhdistyksest\u00e4 hallituksen tehty\u00e4 t\u00e4st\u00e4 p\u00e4\u00e4t\u00f6ksen. Hallitus voi p\u00e4\u00e4tt\u00e4\u00e4 j\u00e4senen erottamisesta, jos h\u00e4n on toiminut yhdistyksen tarkoitusperi\u00e4<br>vastaan. J\u00e4senell\u00e4 on t\u00e4ll\u00f6in oikeus saattaa erottamisp\u00e4\u00e4t\u00f6s yhdistyksen kokouksen ratkaistavaksi esitt\u00e4m\u00e4ll\u00e4 t\u00e4st\u00e4 kirjallisen vaatimuksen yhdistyksen hallitukselle yhden kuukauden kuluessa erottamisp\u00e4\u00e4t\u00f6ksen tiedoksi saamisesta.<br><br><strong>4 \u00a7 YHDISTYKSEN TOIMIELIMET<\/strong><br>Yhdistyksen toimielimet ovat yhdistyksen kokous ja hallitus.<br><br><strong>5 \u00a7 YHDISTYKSEN KOKOUKSET<\/strong><br>Yhdistyksen ja hallituksen kokouksiin voidaan osallistua hallituksen niin p\u00e4\u00e4tt\u00e4ess\u00e4 my\u00f6s et\u00e4yhteydell\u00e4 tai s\u00e4hk\u00f6postitse.<br><br>Yhdistyksen kokouksia ovat kev\u00e4tkokous, syyskokous ja muut kokoukset.<br><br>Yhdistyksen kev\u00e4tkokous pidet\u00e4\u00e4n vuosittain huhtikuun loppuun menness\u00e4. Syyskokous pidet\u00e4\u00e4n vuosittain marraskuun loppuun menness\u00e4. Kokouksen kutsuu koolle hallitus v\u00e4hint\u00e4\u00e4n kaksi viikkoa ennen kokousta j\u00e4senten tietoon saatetulla ilmoituksella yhdistyksen verkkosivuilla, yhdistyksen lehdess\u00e4 tai s\u00e4hk\u00f6postilla.<br><br>Kokouskutsussa ilmoitetaan kokouksessa k\u00e4sitelt\u00e4v\u00e4t asiat.<br><br>Kev\u00e4tkokouksessa<br>1) valitaan kokoukselle puheenjohtaja<br>2) valitaan kokouksen sihteeri<br>3) valitaan kaksi p\u00f6yt\u00e4kirjan tarkastajaa ja \u00e4\u00e4ntenlaskijaa<br>4) todetaan kokouksen laillisuus ja p\u00e4\u00e4t\u00f6svaltaisuus<br>5) p\u00e4\u00e4tet\u00e4\u00e4n kokouksen ty\u00f6j\u00e4rjestys<br>6) k\u00e4sitell\u00e4\u00e4n yhdistyksen toimintakertomus ja tilinp\u00e4\u00e4t\u00f6s<br>7) k\u00e4sitell\u00e4\u00e4n toiminnantarkastajan kertomus<br>8) p\u00e4\u00e4tet\u00e4\u00e4n tasekirjan (toimintakertomuksen ja tilinp\u00e4\u00e4t\u00f6ksen) vahvistamisesta<br>9) p\u00e4\u00e4tet\u00e4\u00e4n hallituksen vastuuvapaudesta<br>10) k\u00e4sitell\u00e4\u00e4n kokouskutsussa mainitut muut asiat<br><br>Syyskokouksessa<br>1) valitaan kokoukselle puheenjohtaja<br>2) valitaan kokouksen sihteeri<br>3) valitaan kaksi p\u00f6yt\u00e4kirjan tarkastajaa ja \u00e4\u00e4ntenlaskijaa<br>4) todetaan kokouksen laillisuus ja p\u00e4\u00e4t\u00f6svaltaisuus<br>5) p\u00e4\u00e4tet\u00e4\u00e4n kokouksen ty\u00f6j\u00e4rjestys<br>6) hyv\u00e4ksyt\u00e4\u00e4n toiminta- ja taloussuunnitelma<br>7) m\u00e4\u00e4r\u00e4t\u00e4\u00e4n j\u00e4senmaksujen suuruus<br>8) valitaan hallituksen puheenjohtaja<br>9) p\u00e4\u00e4tet\u00e4\u00e4n hallituksen j\u00e4senten lukum\u00e4\u00e4r\u00e4 ja valitaan hallituksen j\u00e4senet<br>10) valitaan toiminnantarkastaja ja varatoiminnantarkastaja<br>11) k\u00e4sitell\u00e4\u00e4n kokouskutsussa mainitut muut asiat<br><br>Yhdistyksen muita kokouksia pidet\u00e4\u00e4n, kun hallitus katsoo sen tarpeelliseksi tai v\u00e4hint\u00e4\u00e4n kahdeskymmenesosa (1\/20) yhdistyksen \u00e4\u00e4nioikeutetuista j\u00e4senist\u00e4 sit\u00e4 hallitukselta kirjallisesti pyyt\u00e4\u00e4 esitt\u00e4miens\u00e4 asioiden k\u00e4sittely\u00e4 varten.<br><br>Yhdistyksen kokouksessa on jokaisella henkil\u00f6j\u00e4senell\u00e4 yksi \u00e4\u00e4ni. Kannattajaj\u00e4senell\u00e4 ei ole \u00e4\u00e4nioikeutta. \u00c4\u00e4nest\u00e4minen nimetylle henkil\u00f6lle annetulla valtakirjalla on sallittua. Valtakirjat on esitett\u00e4v\u00e4 tarkastettavaksi ennen kokouksen alkua. <br><br>P\u00e4\u00e4t\u00f6kset tehd\u00e4\u00e4n, ellei n\u00e4iss\u00e4 s\u00e4\u00e4nn\u00f6iss\u00e4 toisin m\u00e4\u00e4r\u00e4t\u00e4, yksinkertaisella \u00e4\u00e4nten enemmist\u00f6ll\u00e4. \u00c4\u00e4nten menness\u00e4 tasan ratkaisee puheenjohtajan mielipide, vaaleissa kuitenkin arpa.<br><br><strong>6 \u00a7 HALLITUS<\/strong><br>Yhdistyksen asioita hoitaa hallitus, johon kuuluu syyskokouksessa valitut puheenjohtaja ja viidest\u00e4 yhdeks\u00e4\u00e4n muuta j\u00e4sent\u00e4. Hallitus valitsee keskuudestaan varapuheenjohtajan.<br><br>Hallituksen toimintakausi on kalenterivuosi. Seuraavaksi toimintakaudeksi ei voida valita yht\u00e4jaksoisesti hallituksessa kauimmin ollutta. Mik\u00e4li n\u00e4it\u00e4 on useampia, ratkaistaan eroamisj\u00e4rjestys arvalla.<br><br>Hallitus valitsee tarvittavat toimihenkil\u00f6t ja toimielimet ja voi my\u00f6s palkata yhdistyksen asioita hoitamaan toiminnanjohtajan, sihteerin tai henkil\u00f6it\u00e4 muihin teht\u00e4viin.<br><br>Hallitus kokoontuu puheenjohtajan tai h\u00e4nen estyneen\u00e4 ollessaan varapuheenjohtajan kutsusta tai, kun v\u00e4hint\u00e4\u00e4n kaksi hallituksen j\u00e4sent\u00e4 sit\u00e4 vaatii.<br><br>Hallitus on p\u00e4\u00e4t\u00f6svaltainen, kun v\u00e4hint\u00e4\u00e4n puolet sen j\u00e4senist\u00e4, puheenjohtaja tai varapuheenjohtaja mukaan luettuna, on l\u00e4sn\u00e4.<br><br>Asiat ratkaistaan yksinkertaisella \u00e4\u00e4nten enemmist\u00f6ll\u00e4. \u00c4\u00e4nten menness\u00e4 tasan ratkaisee puheenjohtajan mielipide, vaaleissa kuitenkin arpa.<br><br><strong>7 \u00a7 YHDISTYKSEN NIMEN KIRJOITTAMINEN<\/strong><br>Yhdistyksen nimen kirjoittaa hallituksen puheenjohtaja ja varapuheenjohtaja yhdess\u00e4 tai jompikumpi heist\u00e4 yhdess\u00e4 hallituksen m\u00e4\u00e4r\u00e4\u00e4m\u00e4n yhdistyksen toimihenkil\u00f6n kanssa.<br><br><strong>8 \u00a7 TILIT JA TOIMINTAKAUSI<\/strong><br>Yhdistyksen tili- ja toimintakausi on kalenterivuosi.<br><br>Tilinp\u00e4\u00e4t\u00f6s tarvittavine asiakirjoineen ja hallituksen vuosikertomus on annettava toiminnan tarkastajalle viimeist\u00e4\u00e4n kuukautta ennen yhdistyksen kev\u00e4tkokousta.<br><br>Toiminnantarkastajan tulee antaa kirjallinen lausuntonsa hallitukselle viimeist\u00e4\u00e4n kaksi viikkoa ennen kev\u00e4tkokousta.<br><br><strong>9 \u00a7 S\u00c4\u00c4NT\u00d6JEN MUUTTAMINEN JA YHDISTYKSEN PURKAMINEN<\/strong><br>P\u00e4\u00e4t\u00f6s s\u00e4\u00e4nt\u00f6jen muuttamisesta ja yhdistyksen purkamisesta on teht\u00e4v\u00e4 yhdistyksen kokouksessa kahden kolmasosan (2\/3) enemmist\u00f6ll\u00e4 annetuista \u00e4\u00e4nist\u00e4. Kokouskutsussa on mainittava s\u00e4\u00e4nt\u00f6jen muuttamisesta tai yhdistyksen purkamisesta.<br><br>Yhdistyksen purkautuessa k\u00e4ytet\u00e4\u00e4n sen varat yhdistyksen tarkoituksen edist\u00e4miseen purkamisesta p\u00e4\u00e4tt\u00e4v\u00e4n kokouksen m\u00e4\u00e4r\u00e4\u00e4m\u00e4ll\u00e4 tavalla.<br><br>Yhdistyksen tullessa lakkautetuksi k\u00e4ytet\u00e4\u00e4n sen varat samaan tarkoitukseen.<\/p>\n","protected":false},"excerpt":{"rendered":"<p>Voimassaolevat s\u00e4\u00e4nn\u00f6t hyv\u00e4ksytty PRH:ssa.\u00a0Voimassaolon alku: 05.11.2024 10:26:08\u00a0 1 \u00a7 NIMI JA KOTIPAIKKAYhdistyksen nimi on Viestiupseeriyhdistys ry. Kotipaikka on Helsingin kaupunki ja yhdistys toimii koko valtakunnan alueella. 2 \u00a7 TOIMINNAN TARKOITUSYhdistyksen toiminnan tarkoituksena on&#8230;<\/p>\n","protected":false},"author":3,"featured_media":0,"parent":99,"menu_order":0,"comment_status":"closed","ping_status":"closed","template":"","meta":{"_acf_changed":false,"footnotes":""},"class_list":["post-115","page","type-page","status-publish","hentry","post"],"acf":[],"jetpack_sharing_enabled":true,"jetpack_shortlink":"https:\/\/wp.me\/P9I03o-1R","jetpack-related-posts":[{"id":99,"url":"https:\/\/viestiupseeriyhdistys.fi\/index.php\/etusivu\/","url_meta":{"origin":115,"position":0},"title":"Viestiupseeriyhdistys ry","author":"Harri Reini","date":"23.8.2017","format":false,"excerpt":"Viestiupseeriyhdistys on viesti- ja johtamisj\u00e4rjestelm\u00e4alan sek\u00e4 s\u00e4hk\u00f6isen viestialan teht\u00e4viss\u00e4 toimivien ja toimineiden henkil\u00f6iden yhteinen maanpuolustusj\u00e4rjest\u00f6. Yhdistyksen tarkoituksena on edist\u00e4\u00e4 maanpuolustusty\u00f6t\u00e4 ja kansalaisten maanpuolustustahtoa yhdist\u00e4m\u00e4ll\u00e4 viesti- ja johtamisj\u00e4rjestelm\u00e4alalla sek\u00e4 s\u00e4hk\u00f6isen viestialan teht\u00e4viss\u00e4 toimivia ja toimineita henkil\u00f6it\u00e4. Yhdistys edesauttaa j\u00e4seni\u00e4 tuntemaan toisensa, kehitt\u00e4\u00e4 j\u00e4senist\u00f6ns\u00e4 ammattitaitoa sek\u00e4 vaalii viestialan perinteit\u00e4 sek\u00e4 yll\u00e4pit\u00e4\u00e4 ja\u2026","rel":"","context":"Samankaltainen artikkeli","block_context":{"text":"Samankaltainen artikkeli","link":""},"img":{"alt_text":"","src":"","width":0,"height":0},"classes":[]},{"id":281,"url":"https:\/\/viestiupseeriyhdistys.fi\/index.php\/etusivu\/viestiupseeriyhdistyksen-historiaa\/","url_meta":{"origin":115,"position":1},"title":"Viestiupseeriyhdistyksen historiaa","author":"Harri Reini","date":"12.9.2017","format":false,"excerpt":"Viestiupseereiden keskuudessa virisi jo sotien aikana tarve perustaa oma yhteenliittym\u00e4. Sotien j\u00e4lkeen talvella 1945 tutkittiin Viipurissa olleen Viestirykmentin upseerikerhon omaisuuden uudelleensijoittamista. Omaisuus p\u00e4\u00e4tettiin koota viestiupseereiden yhteist\u00e4 kerhoa varten Riihim\u00e4elle. Tuon ajan hengen mukaisesti kaikki v\u00e4h\u00e4nkin sotilaalliset yhdistykset ja seurat pyrittiin lakkauttamaan. Viestiupseereiden yhteenliittymist\u00e4 perusteltiinkin paikallisen upseerikerhon toimintana. Toiminnan aloittaminen Viestiupseerikerho\u2026","rel":"","context":"Samankaltainen artikkeli","block_context":{"text":"Samankaltainen artikkeli","link":""},"img":{"alt_text":"Paraati Viestirykmentiss\u00e4","src":"https:\/\/i0.wp.com\/www.viestiupseeriyhdistys.fi\/esittely\/kuvat\/ruokailu.jpg?resize=350%2C200","width":350,"height":200},"classes":[]},{"id":53,"url":"https:\/\/viestiupseeriyhdistys.fi\/index.php\/maanpuolustuksen-viestisaatio-sr-ja-viestisaation-kannatusyhdistys-ry\/","url_meta":{"origin":115,"position":2},"title":"MPVS sr ja VSKY ry","author":"Harri Reini","date":"27.6.2017","format":false,"excerpt":"Maanpuolustuksen Viestis\u00e4\u00e4ti\u00f6 sr Maanpuolustuksen Viestis\u00e4\u00e4ti\u00f6n (MPVS) tarkoituksena on kehitt\u00e4\u00e4 viesti-, tietotekniikka- ja tietoliikennealan maanpuolustusvalmiutta Suomessa tukemalla sit\u00e4 edist\u00e4vi\u00e4 opintoja, tutkimus- ja julkaisutoimintaa sek\u00e4 perinnety\u00f6t\u00e4. Viestitoiminnan kehitt\u00e4miseksi Maanpuolustuksen Viestis\u00e4\u00e4ti\u00f6 jakaa apurahoja sek\u00e4 varttuneille tutkijoille ett\u00e4 opiskelijoille. Rahoituksella on tarkoitus kannustaa maanpuolustuksen ja viestialan teknisen kehityksen tutkimusta ja seurantaa. T\u00e4rke\u00e4 tukimuoto on\u2026","rel":"","context":"Samankaltainen artikkeli","block_context":{"text":"Samankaltainen artikkeli","link":""},"img":{"alt_text":"","src":"","width":0,"height":0},"classes":[]},{"id":271,"url":"https:\/\/viestiupseeriyhdistys.fi\/index.php\/etusivu\/soneran-kerho\/","url_meta":{"origin":115,"position":3},"title":"Telian kerho","author":"Harri Reini","date":"12.9.2017","format":false,"excerpt":"\u00a0 Kerhon tarkoituksena on Toimia yhdyssiteen\u00e4 sek\u00e4 keskin\u00e4isen tuntemuksen ja luottamuksen edist\u00e4j\u00e4n\u00e4 j\u00e4sentens\u00e4 kesken Viestiupseeriyhdistys ry:n toimintaperiaatteita noudattaen, vaalia yleisesti maanpuolustushenke\u00e4 ja maanpuolustusharrastusta, lis\u00e4t\u00e4 j\u00e4senist\u00f6ns\u00e4 keskuudessa suomalaisen turvallisuuspolitiikan ja maanpuolustuksen tuntemusta sek\u00e4 tukea j\u00e4sentens\u00e4 valmiuksia kehitt\u00e4m\u00e4ll\u00e4 erityisesti j\u00e4senten tietoja ja taitoja s\u00e4hk\u00f6isen viestinn\u00e4n ja Telia-konsernin poikkeusoloihin varautumiseen liittyvill\u00e4 alueilla. Kerho\u2026","rel":"","context":"Samankaltainen artikkeli","block_context":{"text":"Samankaltainen artikkeli","link":""},"img":{"alt_text":"","src":"","width":0,"height":0},"classes":[]},{"id":33,"url":"https:\/\/viestiupseeriyhdistys.fi\/index.php\/viestimies-lehti\/","url_meta":{"origin":115,"position":4},"title":"Viestimies-lehti","author":"Harri Reini","date":"26.6.2017","format":false,"excerpt":"Viestimies-lehti on Viestiupseeriyhdistys ry:n julkaisu, jonka teht\u00e4v\u00e4n\u00e4 on Edist\u00e4\u00e4 j\u00e4senist\u00f6n maanpuolustustietoutta viesti- ja johtamisj\u00e4rjestelm\u00e4alalla Tiedottaa alan koulutuksen, tekniikan, organisaatioiden ja muun toiminnan kehityksest\u00e4 sek\u00e4 Toimia Viestiupseeriyhdistys ry:n tiedotusjulkaisuna. Viestimies-lehti on ilmestynyt vuodesta 1946 alkaen nelj\u00e4 kertaa vuodessa. Lehti l\u00e4hetet\u00e4\u00e4n j\u00e4senetuna kaikille Viestiupseeriyhdistys ry:n j\u00e4senille. Lehden voi my\u00f6s tilata erikseen 35\u2026","rel":"","context":"Samankaltainen artikkeli","block_context":{"text":"Samankaltainen artikkeli","link":""},"img":{"alt_text":"","src":"","width":0,"height":0},"classes":[]},{"id":307,"url":"https:\/\/viestiupseeriyhdistys.fi\/index.php\/etusivu\/tuotteet\/","url_meta":{"origin":115,"position":5},"title":"Tuotteet","author":"Harri Reini","date":"14.9.2017","format":false,"excerpt":"TUOTTEIDEN TILAUS T\u00e4lt\u00e4 sivulta voit tilata Viestiupseeriyhdistyksen tarjoamia tuotteita. Alla l\u00f6ytyvien tuotteiden lis\u00e4ksi Viestiupseeriyhdistys julkaisee nelj\u00e4 kertaa vuodessa ilmestyv\u00e4\u00e4 Viestimies-lehte\u00e4, joka on my\u00f6s mahdollista tilata. Viestimies-lehden voi tilata joka m\u00e4\u00e4r\u00e4aikaisena (1 vuosi) tai jatkuvana tilauksena. Tuotteiden mukana l\u00e4hetet\u00e4\u00e4n maksamisen perusteet . Kyberajan viestitaktiikka Viestiupseeriyhdistys ry:n julkaisu \"Kyberajan viestitaktiikka\" on julkaistu\u2026","rel":"","context":"Samankaltainen artikkeli","block_context":{"text":"Samankaltainen artikkeli","link":""},"img":{"alt_text":"","src":"","width":0,"height":0},"classes":[]}],"_links":{"self":[{"href":"https:\/\/viestiupseeriyhdistys.fi\/index.php\/wp-json\/wp\/v2\/pages\/115","targetHints":{"allow":["GET"]}}],"collection":[{"href":"https:\/\/viestiupseeriyhdistys.fi\/index.php\/wp-json\/wp\/v2\/pages"}],"about":[{"href":"https:\/\/viestiupseeriyhdistys.fi\/index.php\/wp-json\/wp\/v2\/types\/page"}],"author":[{"embeddable":true,"href":"https:\/\/viestiupseeriyhdistys.fi\/index.php\/wp-json\/wp\/v2\/users\/3"}],"replies":[{"embeddable":true,"href":"https:\/\/viestiupseeriyhdistys.fi\/index.php\/wp-json\/wp\/v2\/comments?post=115"}],"version-history":[{"count":3,"href":"https:\/\/viestiupseeriyhdistys.fi\/index.php\/wp-json\/wp\/v2\/pages\/115\/revisions"}],"predecessor-version":[{"id":579844,"href":"https:\/\/viestiupseeriyhdistys.fi\/index.php\/wp-json\/wp\/v2\/pages\/115\/revisions\/579844"}],"up":[{"embeddable":true,"href":"https:\/\/viestiupseeriyhdistys.fi\/index.php\/wp-json\/wp\/v2\/pages\/99"}],"wp:attachment":[{"href":"https:\/\/viestiupseeriyhdistys.fi\/index.php\/wp-json\/wp\/v2\/media?parent=115"}],"curies":[{"name":"wp","href":"https:\/\/api.w.org\/{rel}","templated":true}]}}